{"id":7969,"date":"2026-04-30T02:18:52","date_gmt":"2026-04-30T08:18:52","guid":{"rendered":"https:\/\/www.veneciacr.com\/index.php\/product\/apagador-de-paso-182-aguila\/"},"modified":"2026-04-30T02:18:52","modified_gmt":"2026-04-30T08:18:52","slug":"apagador-paso-182-eagle","status":"publish","type":"product","link":"https:\/\/www.veneciacr.com\/index.php\/producto\/apagador-paso-182-eagle\/","title":{"rendered":"APAGADOR PASO 182 EAGLE"},"content":{"rendered":"<table>\n<tbody>\n<tr>\n<td>Uso:<\/td>\n<td align=\"left\">Instalaci\u00f3n de L\u00e1mparas y M\u00e1s<\/td>\n<td><\/td>\n<td>Capacidad de Corriente:<\/td>\n<td align=\"left\">6A a 250V~<\/td>\n<\/tr>\n<tr>\n<td>Cumplimiento:<\/td>\n<td align=\"left\">NOM-ANCE 201401A03682<\/td>\n<td><\/td>\n<td>Construcci\u00f3n del Cuerpo:<\/td>\n<td align=\"left\">Alta Resistencia Mec\u00e1nica<\/td>\n<\/tr>\n<\/tbody>\n<\/table>\n","protected":false},"excerpt":{"rendered":"<p>Uso: Instalaci\u00f3n de L\u00e1mparas y M\u00e1s Capacidad de Corriente: 6A a 250V~ Cumplimiento: NOM-ANCE 201401A03682 Construcci\u00f3n del Cuerpo: Alta Resistencia<\/p>\n","protected":false},"featured_media":74783,"comment_status":"closed","ping_status":"open","template":"","meta":[],"product_brand":[],"product_cat":[80],"product_tag":[],"class_list":{"0":"post-7969","1":"product","2":"type-product","3":"status-publish","4":"has-post-thumbnail","6":"product_cat-electrico","8":"first","9":"instock","10":"purchasable","11":"product-type-simple"},"jetpack_sharing_enabled":true,"_links":{"self":[{"href":"https:\/\/www.veneciacr.com\/index.php\/wp-json\/wp\/v2\/product\/7969","targetHints":{"allow":["GET"]}}],"collection":[{"href":"https:\/\/www.veneciacr.com\/index.php\/wp-json\/wp\/v2\/product"}],"about":[{"href":"https:\/\/www.veneciacr.com\/index.php\/wp-json\/wp\/v2\/types\/product"}],"replies":[{"embeddable":true,"href":"https:\/\/www.veneciacr.com\/index.php\/wp-json\/wp\/v2\/comments?post=7969"}],"wp:featuredmedia":[{"embeddable":true,"href":"https:\/\/www.veneciacr.com\/index.php\/wp-json\/wp\/v2\/media\/74783"}],"wp:attachment":[{"href":"https:\/\/www.veneciacr.com\/index.php\/wp-json\/wp\/v2\/media?parent=7969"}],"wp:term":[{"taxonomy":"product_brand","embeddable":true,"href":"https:\/\/www.veneciacr.com\/index.php\/wp-json\/wp\/v2\/product_brand?post=7969"},{"taxonomy":"product_cat","embeddable":true,"href":"https:\/\/www.veneciacr.com\/index.php\/wp-json\/wp\/v2\/product_cat?post=7969"},{"taxonomy":"product_tag","embeddable":true,"href":"https:\/\/www.veneciacr.com\/index.php\/wp-json\/wp\/v2\/product_tag?post=7969"}],"curies":[{"name":"wp","href":"https:\/\/api.w.org\/{rel}","templated":true}]}}