{"id":7828,"date":"2026-04-21T06:27:01","date_gmt":"2026-04-21T12:27:01","guid":{"rendered":"https:\/\/www.veneciacr.com\/index.php\/product\/toma-duplex-125v-15a-beige-270v-aguila\/"},"modified":"2026-04-21T06:27:03","modified_gmt":"2026-04-21T12:27:03","slug":"toma-duplex-125v-15a-beige-270v-eagle","status":"publish","type":"product","link":"https:\/\/www.veneciacr.com\/index.php\/producto\/toma-duplex-125v-15a-beige-270v-eagle\/","title":{"rendered":"TOMA DUPLEX 125V 15A BEIGE 270V EAGLE"},"content":{"rendered":"<table>\n<tbody>\n<tr>\n<td>Resistencia a la manipulaci\u00f3n:<\/td>\n<td align=\"left\">S\u00ed<\/td>\n<td><\/td>\n<td><\/td>\n<td align=\"left\"><\/td>\n<\/tr>\n<tr>\n<td>Material de los contactos:<\/td>\n<td align=\"left\">Bronce<\/td>\n<td><\/td>\n<td>Modelo:<\/td>\n<td align=\"left\">TR270 V<\/td>\n<\/tr>\n<tr>\n<td>Capacidad:<\/td>\n<td align=\"left\">15A 125V~<\/td>\n<td><\/td>\n<td>Conexi\u00f3n:<\/td>\n<td align=\"left\">2 polos, 3 cables<\/td>\n<\/tr>\n<tr>\n<td>Certificaciones:<\/td>\n<td align=\"left\">NOM-ANCE 201501A00407, UL E325115<\/td>\n<td><\/td>\n<td>Grado:<\/td>\n<td align=\"left\">Residencial<\/td>\n<\/tr>\n<tr>\n<td>Material del riel:<\/td>\n<td align=\"left\">Hierro Galvanizado<\/td>\n<td><\/td>\n<td>Material del cuerpo y soporte:<\/td>\n<td align=\"left\">PVC R\u00edgido y Policarbonato<\/td>\n<\/tr>\n<tr>\n<td>Est\u00e1ndar:<\/td>\n<td align=\"left\">NEMA 5-15 R<\/td>\n<td><\/td>\n<td>Opciones de cableado:<\/td>\n<td align=\"left\">Autom\u00e1tico hasta #14 AWG, Tornillo hasta #10 AWG<\/td>\n<\/tr>\n<\/tbody>\n<\/table>\n","protected":false},"excerpt":{"rendered":"<p>Resistencia a la manipulaci\u00f3n: S\u00ed Material de los contactos: Bronce Modelo: TR270 V Capacidad: 15A 125V~ Conexi\u00f3n: 2 polos, 3<\/p>\n","protected":false},"featured_media":74128,"comment_status":"closed","ping_status":"open","template":"","meta":[],"product_brand":[],"product_cat":[80,157],"product_tag":[],"class_list":{"0":"post-7828","1":"product","2":"type-product","3":"status-publish","4":"has-post-thumbnail","6":"product_cat-electrico","7":"product_cat-plaqueria","9":"first","10":"instock","11":"purchasable","12":"product-type-simple"},"jetpack_sharing_enabled":true,"_links":{"self":[{"href":"https:\/\/www.veneciacr.com\/index.php\/wp-json\/wp\/v2\/product\/7828","targetHints":{"allow":["GET"]}}],"collection":[{"href":"https:\/\/www.veneciacr.com\/index.php\/wp-json\/wp\/v2\/product"}],"about":[{"href":"https:\/\/www.veneciacr.com\/index.php\/wp-json\/wp\/v2\/types\/product"}],"replies":[{"embeddable":true,"href":"https:\/\/www.veneciacr.com\/index.php\/wp-json\/wp\/v2\/comments?post=7828"}],"wp:featuredmedia":[{"embeddable":true,"href":"https:\/\/www.veneciacr.com\/index.php\/wp-json\/wp\/v2\/media\/74128"}],"wp:attachment":[{"href":"https:\/\/www.veneciacr.com\/index.php\/wp-json\/wp\/v2\/media?parent=7828"}],"wp:term":[{"taxonomy":"product_brand","embeddable":true,"href":"https:\/\/www.veneciacr.com\/index.php\/wp-json\/wp\/v2\/product_brand?post=7828"},{"taxonomy":"product_cat","embeddable":true,"href":"https:\/\/www.veneciacr.com\/index.php\/wp-json\/wp\/v2\/product_cat?post=7828"},{"taxonomy":"product_tag","embeddable":true,"href":"https:\/\/www.veneciacr.com\/index.php\/wp-json\/wp\/v2\/product_tag?post=7828"}],"curies":[{"name":"wp","href":"https:\/\/api.w.org\/{rel}","templated":true}]}}