{"id":69241,"date":"2026-04-28T02:02:11","date_gmt":"2026-04-28T08:02:11","guid":{"rendered":"https:\/\/www.veneciacr.com\/index.php\/producto\/flanger-flexible-corto-3-pb-155-plomer\/"},"modified":"2026-04-28T02:02:11","modified_gmt":"2026-04-28T08:02:11","slug":"flanger-flexible-corto-3-pb-155-coflex","status":"publish","type":"product","link":"https:\/\/www.veneciacr.com\/index.php\/producto\/flanger-flexible-corto-3-pb-155-coflex\/","title":{"rendered":"FLANGER FLEXIBLE CORTO 3&#8243; PB-155 COFLEX"},"content":{"rendered":"<p>Di\u00e1metro Interior 90 mm<br \/>\nPara tuber\u00eda de PVC, se adapta a tuber\u00edas ovaladas<br \/>\nSello herm\u00e9tico que evita filtraciones y el retorno de malos olores<br \/>\nCorrige desfasamientos de hasta 2.5 cm<br \/>\nLarga Vida \u00datil<\/p>\n<p>Caracter\u00edsticas Especiales:<br \/>\nPatentes: 286,520 \/ 7,814,580 \/ 1754 \/ 3119 \/ 49750 \/ Otras patentes en tr\u00e1mite<\/p>\n","protected":false},"excerpt":{"rendered":"<p>Di\u00e1metro Interior 90 mm Para tuber\u00eda de PVC, se adapta a tuber\u00edas ovaladas Sello herm\u00e9tico que evita filtraciones y el<\/p>\n","protected":false},"featured_media":76439,"comment_status":"closed","ping_status":"open","template":"","meta":[],"product_brand":[],"product_cat":[29],"product_tag":[],"class_list":{"0":"post-69241","1":"product","2":"type-product","3":"status-publish","4":"has-post-thumbnail","6":"product_cat-plomeria","8":"first","9":"instock","10":"purchasable","11":"product-type-simple"},"jetpack_sharing_enabled":true,"_links":{"self":[{"href":"https:\/\/www.veneciacr.com\/index.php\/wp-json\/wp\/v2\/product\/69241","targetHints":{"allow":["GET"]}}],"collection":[{"href":"https:\/\/www.veneciacr.com\/index.php\/wp-json\/wp\/v2\/product"}],"about":[{"href":"https:\/\/www.veneciacr.com\/index.php\/wp-json\/wp\/v2\/types\/product"}],"replies":[{"embeddable":true,"href":"https:\/\/www.veneciacr.com\/index.php\/wp-json\/wp\/v2\/comments?post=69241"}],"wp:featuredmedia":[{"embeddable":true,"href":"https:\/\/www.veneciacr.com\/index.php\/wp-json\/wp\/v2\/media\/76439"}],"wp:attachment":[{"href":"https:\/\/www.veneciacr.com\/index.php\/wp-json\/wp\/v2\/media?parent=69241"}],"wp:term":[{"taxonomy":"product_brand","embeddable":true,"href":"https:\/\/www.veneciacr.com\/index.php\/wp-json\/wp\/v2\/product_brand?post=69241"},{"taxonomy":"product_cat","embeddable":true,"href":"https:\/\/www.veneciacr.com\/index.php\/wp-json\/wp\/v2\/product_cat?post=69241"},{"taxonomy":"product_tag","embeddable":true,"href":"https:\/\/www.veneciacr.com\/index.php\/wp-json\/wp\/v2\/product_tag?post=69241"}],"curies":[{"name":"wp","href":"https:\/\/api.w.org\/{rel}","templated":true}]}}