{"id":6830,"date":"2026-05-01T01:58:56","date_gmt":"2026-05-01T07:58:56","guid":{"rendered":"http:\/\/34.83.78.142\/index.php\/product\/paq-amarra-plastica-8-7-6mm-10pzs-cin-12020-voltech\/"},"modified":"2026-05-01T01:58:57","modified_gmt":"2026-05-01T07:58:57","slug":"paq-amarra-plastica-8-7-5mm-10pzs-cin-12020-volteck","status":"publish","type":"product","link":"https:\/\/www.veneciacr.com\/index.php\/producto\/paq-amarra-plastica-8-7-5mm-10pzs-cin-12020-volteck\/","title":{"rendered":"PAQ AMARRA PLASTICA 8&#8243; 7.5MM 10PZS CIN-12020 VOLTECK"},"content":{"rendered":"<p>Tensi\u00f3n: 120 lb<br \/>\nResistencia a la tensi\u00f3n: 54.4 Kg<br \/>\nLongitud: 20 cm<br \/>\nAncho: 7.6 mm<br \/>\nN\u00famero de piezas: 10<br \/>\nEmpaque individual: Bolsa con etiqueta<\/p>\n<p>Aplicaciones<br \/>\n\u00datiles para asegurar ductos pesados, cables, andamios, tablones de madera y postes met\u00e1licos, de forma provisional autopartes, \u00e1rboles ca\u00eddos y m\u00e1s<br \/>\nPara uso en exterior comercial, residencial, el\u00e9ctrico, industrial y en construcci\u00f3n<\/p>\n","protected":false},"excerpt":{"rendered":"<p>Tensi\u00f3n: 120 lb Resistencia a la tensi\u00f3n: 54.4 Kg Longitud: 20 cm Ancho: 7.6 mm N\u00famero de piezas: 10 Empaque<\/p>\n","protected":false},"featured_media":97674,"comment_status":"closed","ping_status":"open","template":"","meta":[],"product_brand":[],"product_cat":[15],"product_tag":[],"class_list":{"0":"post-6830","1":"product","2":"type-product","3":"status-publish","4":"has-post-thumbnail","6":"product_cat-uncategorized","8":"first","9":"instock","10":"purchasable","11":"product-type-simple"},"jetpack_sharing_enabled":true,"_links":{"self":[{"href":"https:\/\/www.veneciacr.com\/index.php\/wp-json\/wp\/v2\/product\/6830","targetHints":{"allow":["GET"]}}],"collection":[{"href":"https:\/\/www.veneciacr.com\/index.php\/wp-json\/wp\/v2\/product"}],"about":[{"href":"https:\/\/www.veneciacr.com\/index.php\/wp-json\/wp\/v2\/types\/product"}],"replies":[{"embeddable":true,"href":"https:\/\/www.veneciacr.com\/index.php\/wp-json\/wp\/v2\/comments?post=6830"}],"wp:featuredmedia":[{"embeddable":true,"href":"https:\/\/www.veneciacr.com\/index.php\/wp-json\/wp\/v2\/media\/97674"}],"wp:attachment":[{"href":"https:\/\/www.veneciacr.com\/index.php\/wp-json\/wp\/v2\/media?parent=6830"}],"wp:term":[{"taxonomy":"product_brand","embeddable":true,"href":"https:\/\/www.veneciacr.com\/index.php\/wp-json\/wp\/v2\/product_brand?post=6830"},{"taxonomy":"product_cat","embeddable":true,"href":"https:\/\/www.veneciacr.com\/index.php\/wp-json\/wp\/v2\/product_cat?post=6830"},{"taxonomy":"product_tag","embeddable":true,"href":"https:\/\/www.veneciacr.com\/index.php\/wp-json\/wp\/v2\/product_tag?post=6830"}],"curies":[{"name":"wp","href":"https:\/\/api.w.org\/{rel}","templated":true}]}}