{"id":6809,"date":"2026-04-23T02:02:09","date_gmt":"2026-04-23T08:02:09","guid":{"rendered":"http:\/\/34.83.78.142\/index.php\/product\/luces-p-bicicleta-2pzs-libi-2p-pretul\/"},"modified":"2026-04-23T02:02:09","modified_gmt":"2026-04-23T08:02:09","slug":"luces-bicicleta-2pzs-libi-2p-pretul","status":"publish","type":"product","link":"https:\/\/www.veneciacr.com\/index.php\/producto\/luces-bicicleta-2pzs-libi-2p-pretul\/","title":{"rendered":"LUCES BICICLETA 2PZS LIBI-2P PRETUL"},"content":{"rendered":"<p>Modos de iluminaci\u00f3n: Fija, destello intermitente r\u00e1pido y lento<br \/>\nDuraci\u00f3n de 55 horas<br \/>\n2 Pilas CR2032 3 V<\/p>\n<p>NORMA<br \/>\nEvaluadas bajo la norma ANSI\/NEMA FL 1-2009 (Certificado no disponible)<\/p>\n<p>ESPECIFICACIONES<br \/>\nPallet: 2592<br \/>\nN\u00famero de LEDs: 2 LEDs<br \/>\nDuraci\u00f3n de carga: 55 horas<br \/>\nModos de iluminaci\u00f3n: (3) Fija, destello intermitente r\u00e1pido y lento<br \/>\nTipo de pila: 2 CR2032 3 V (incluidas)<br \/>\nGrado IP: IP44 (Contra objetos mayores a 1 mm &#8220;4&#8221; y Protecci\u00f3n contra salpicaduras de agua &#8220;4&#8221;)<br \/>\nMaterial del cuerpo: Silic\u00f3n flexible<\/p>\n","protected":false},"excerpt":{"rendered":"<p>Modos de iluminaci\u00f3n: Fija, destello intermitente r\u00e1pido y lento Duraci\u00f3n de 55 horas 2 Pilas CR2032 3 V NORMA Evaluadas<\/p>\n","protected":false},"featured_media":78610,"comment_status":"closed","ping_status":"open","template":"","meta":[],"product_brand":[],"product_cat":[15],"product_tag":[],"class_list":{"0":"post-6809","1":"product","2":"type-product","3":"status-publish","4":"has-post-thumbnail","6":"product_cat-uncategorized","8":"first","9":"instock","10":"purchasable","11":"product-type-simple"},"jetpack_sharing_enabled":true,"_links":{"self":[{"href":"https:\/\/www.veneciacr.com\/index.php\/wp-json\/wp\/v2\/product\/6809","targetHints":{"allow":["GET"]}}],"collection":[{"href":"https:\/\/www.veneciacr.com\/index.php\/wp-json\/wp\/v2\/product"}],"about":[{"href":"https:\/\/www.veneciacr.com\/index.php\/wp-json\/wp\/v2\/types\/product"}],"replies":[{"embeddable":true,"href":"https:\/\/www.veneciacr.com\/index.php\/wp-json\/wp\/v2\/comments?post=6809"}],"wp:featuredmedia":[{"embeddable":true,"href":"https:\/\/www.veneciacr.com\/index.php\/wp-json\/wp\/v2\/media\/78610"}],"wp:attachment":[{"href":"https:\/\/www.veneciacr.com\/index.php\/wp-json\/wp\/v2\/media?parent=6809"}],"wp:term":[{"taxonomy":"product_brand","embeddable":true,"href":"https:\/\/www.veneciacr.com\/index.php\/wp-json\/wp\/v2\/product_brand?post=6809"},{"taxonomy":"product_cat","embeddable":true,"href":"https:\/\/www.veneciacr.com\/index.php\/wp-json\/wp\/v2\/product_cat?post=6809"},{"taxonomy":"product_tag","embeddable":true,"href":"https:\/\/www.veneciacr.com\/index.php\/wp-json\/wp\/v2\/product_tag?post=6809"}],"curies":[{"name":"wp","href":"https:\/\/api.w.org\/{rel}","templated":true}]}}