{"id":6807,"date":"2026-04-22T01:58:22","date_gmt":"2026-04-22T07:58:22","guid":{"rendered":"http:\/\/34.83.78.142\/index.php\/product\/espatula-inox-2-et-2fx-truper\/"},"modified":"2026-04-22T01:58:22","modified_gmt":"2026-04-22T07:58:22","slug":"espatula-inox-2-et-2fx-truper","status":"publish","type":"product","link":"https:\/\/www.veneciacr.com\/index.php\/producto\/espatula-inox-2-et-2fx-truper\/","title":{"rendered":"ESPATULA INOX 2&#8243; ET-2FX TRUPER"},"content":{"rendered":"<p>Hoja fabricada en acero inoxidable para m\u00e1xima resistencia a la corrosi\u00f3n<br \/>\nMango Comfort Grip de doble inyecci\u00f3n<br \/>\nCasquillo met\u00e1lico para golpear clavos<br \/>\nHoja desvanecida hacia el centro que proporciona mayor flexibilidad<br \/>\nPulido espejo para f\u00e0cil limpieza<\/p>\n<p>ESPECIFICACIONES<br \/>\nAncho: 2&#8243; (5 cm)<br \/>\nLongitud: 210 mm<br \/>\nEmpaque individual: Granel<\/p>\n<p>Aplicaciones<br \/>\nAlba\u00f1iler\u00eda, pintura, resanes, etc\u00e9tera<br \/>\nEn la plancha para voltear alimentos y raspar la superficie<\/p>\n","protected":false},"excerpt":{"rendered":"<p>Hoja fabricada en acero inoxidable para m\u00e1xima resistencia a la corrosi\u00f3n Mango Comfort Grip de doble inyecci\u00f3n Casquillo met\u00e1lico para<\/p>\n","protected":false},"featured_media":78609,"comment_status":"closed","ping_status":"open","template":"","meta":[],"product_brand":[],"product_cat":[152,23],"product_tag":[],"class_list":{"0":"post-6807","1":"product","2":"type-product","3":"status-publish","4":"has-post-thumbnail","6":"product_cat-herramienta-manuales","7":"product_cat-herramientas","9":"first","10":"instock","11":"purchasable","12":"product-type-simple"},"jetpack_sharing_enabled":true,"_links":{"self":[{"href":"https:\/\/www.veneciacr.com\/index.php\/wp-json\/wp\/v2\/product\/6807","targetHints":{"allow":["GET"]}}],"collection":[{"href":"https:\/\/www.veneciacr.com\/index.php\/wp-json\/wp\/v2\/product"}],"about":[{"href":"https:\/\/www.veneciacr.com\/index.php\/wp-json\/wp\/v2\/types\/product"}],"replies":[{"embeddable":true,"href":"https:\/\/www.veneciacr.com\/index.php\/wp-json\/wp\/v2\/comments?post=6807"}],"wp:featuredmedia":[{"embeddable":true,"href":"https:\/\/www.veneciacr.com\/index.php\/wp-json\/wp\/v2\/media\/78609"}],"wp:attachment":[{"href":"https:\/\/www.veneciacr.com\/index.php\/wp-json\/wp\/v2\/media?parent=6807"}],"wp:term":[{"taxonomy":"product_brand","embeddable":true,"href":"https:\/\/www.veneciacr.com\/index.php\/wp-json\/wp\/v2\/product_brand?post=6807"},{"taxonomy":"product_cat","embeddable":true,"href":"https:\/\/www.veneciacr.com\/index.php\/wp-json\/wp\/v2\/product_cat?post=6807"},{"taxonomy":"product_tag","embeddable":true,"href":"https:\/\/www.veneciacr.com\/index.php\/wp-json\/wp\/v2\/product_tag?post=6807"}],"curies":[{"name":"wp","href":"https:\/\/api.w.org\/{rel}","templated":true}]}}