{"id":6805,"date":"2026-04-30T02:02:02","date_gmt":"2026-04-30T08:02:02","guid":{"rendered":"http:\/\/34.83.78.142\/index.php\/product\/lente-seguridad-espejo-len-lep-truper\/"},"modified":"2026-04-30T02:02:02","modified_gmt":"2026-04-30T08:02:02","slug":"lente-seguridad-espejo-len-lep-truper","status":"publish","type":"product","link":"https:\/\/www.veneciacr.com\/index.php\/producto\/lente-seguridad-espejo-len-lep-truper\/","title":{"rendered":"LENTE SEGURIDAD ESPEJO LEN-LEP TRUPER"},"content":{"rendered":"<p>Mica 100% de policarbonato con protecci\u00f3n UV, antirayadura y anti-impactos<br \/>\nSuave puente nasal que brinda mayor comodidad<br \/>\nDise\u00f1o ultraligero<\/p>\n<p>NORMA<br \/>\nCumple la norma: ANSI Z87.1 (Certificado no disponible)<\/p>\n<p>ESPECIFICACIONES<br \/>\nColor: Espejo plata<br \/>\nEspesor de mica: 2.0 mm<br \/>\nEmpaque individual: Bolsa<br \/>\nAplicaciones<br \/>\nPara aplicaciones en exteriores, el acabado espejo refleja la luz, reduciendo significativamente el resplandor y la luz brillante. No se recomiendan para uso en interiores<br \/>\n\u00datiles en la industria, construcci\u00f3n, taller y reparaciones dom\u00e9sticas<\/p>\n<p>CUIDADOS<br \/>\nPara su limpieza deje correr agua tibia, limpiar con una tela o toallita<br \/>\nNo limpiar los lentes con solventes o qu\u00edmicos, ya que esto puede ocasionar deterioro y reducir sus caracter\u00edsticas de protecci\u00f3n<br \/>\nGuardar en un lugar fresco, seco y libre de polvo<\/p>\n","protected":false},"excerpt":{"rendered":"<p>Mica 100% de policarbonato con protecci\u00f3n UV, antirayadura y anti-impactos Suave puente nasal que brinda mayor comodidad Dise\u00f1o ultraligero NORMA<\/p>\n","protected":false},"featured_media":78608,"comment_status":"closed","ping_status":"open","template":"","meta":[],"product_brand":[],"product_cat":[23,88],"product_tag":[],"class_list":{"0":"post-6805","1":"product","2":"type-product","3":"status-publish","4":"has-post-thumbnail","6":"product_cat-herramientas","7":"product_cat-proteccion-y-seguridad","9":"first","10":"instock","11":"purchasable","12":"product-type-simple"},"jetpack_sharing_enabled":true,"_links":{"self":[{"href":"https:\/\/www.veneciacr.com\/index.php\/wp-json\/wp\/v2\/product\/6805","targetHints":{"allow":["GET"]}}],"collection":[{"href":"https:\/\/www.veneciacr.com\/index.php\/wp-json\/wp\/v2\/product"}],"about":[{"href":"https:\/\/www.veneciacr.com\/index.php\/wp-json\/wp\/v2\/types\/product"}],"replies":[{"embeddable":true,"href":"https:\/\/www.veneciacr.com\/index.php\/wp-json\/wp\/v2\/comments?post=6805"}],"wp:featuredmedia":[{"embeddable":true,"href":"https:\/\/www.veneciacr.com\/index.php\/wp-json\/wp\/v2\/media\/78608"}],"wp:attachment":[{"href":"https:\/\/www.veneciacr.com\/index.php\/wp-json\/wp\/v2\/media?parent=6805"}],"wp:term":[{"taxonomy":"product_brand","embeddable":true,"href":"https:\/\/www.veneciacr.com\/index.php\/wp-json\/wp\/v2\/product_brand?post=6805"},{"taxonomy":"product_cat","embeddable":true,"href":"https:\/\/www.veneciacr.com\/index.php\/wp-json\/wp\/v2\/product_cat?post=6805"},{"taxonomy":"product_tag","embeddable":true,"href":"https:\/\/www.veneciacr.com\/index.php\/wp-json\/wp\/v2\/product_tag?post=6805"}],"curies":[{"name":"wp","href":"https:\/\/api.w.org\/{rel}","templated":true}]}}