{"id":6789,"date":"2026-04-30T02:02:04","date_gmt":"2026-04-30T08:02:04","guid":{"rendered":"http:\/\/34.83.78.142\/index.php\/product\/rollo-de-alambre-18-2-5m-alg-180b-truper\/"},"modified":"2026-04-30T02:02:04","modified_gmt":"2026-04-30T08:02:04","slug":"rollo-alambre-18-2-5m-alg-180b-truper","status":"publish","type":"product","link":"https:\/\/www.veneciacr.com\/index.php\/producto\/rollo-alambre-18-2-5m-alg-180b-truper\/","title":{"rendered":"ROLLO ALAMBRE #18 2.5M ALG-180B TRUPER"},"content":{"rendered":"<p>Fabricados en acero al carbono, acabado galvanizado<br \/>\nPara amarres, reparaciones, jardiner\u00eda e instalaci\u00f3n el\u00e9ctrica<\/p>\n<p>Especificaciones<br \/>\nGenerales<br \/>\nEmpaque individual Bolsa con rollo de 30 g<br \/>\nIndividuales<\/p>\n","protected":false},"excerpt":{"rendered":"<p>Fabricados en acero al carbono, acabado galvanizado Para amarres, reparaciones, jardiner\u00eda e instalaci\u00f3n el\u00e9ctrica Especificaciones Generales Empaque individual Bolsa con<\/p>\n","protected":false},"featured_media":78601,"comment_status":"closed","ping_status":"open","template":"","meta":[],"product_brand":[],"product_cat":[15],"product_tag":[],"class_list":{"0":"post-6789","1":"product","2":"type-product","3":"status-publish","4":"has-post-thumbnail","6":"product_cat-uncategorized","8":"first","9":"instock","10":"purchasable","11":"product-type-simple"},"jetpack_sharing_enabled":true,"_links":{"self":[{"href":"https:\/\/www.veneciacr.com\/index.php\/wp-json\/wp\/v2\/product\/6789","targetHints":{"allow":["GET"]}}],"collection":[{"href":"https:\/\/www.veneciacr.com\/index.php\/wp-json\/wp\/v2\/product"}],"about":[{"href":"https:\/\/www.veneciacr.com\/index.php\/wp-json\/wp\/v2\/types\/product"}],"replies":[{"embeddable":true,"href":"https:\/\/www.veneciacr.com\/index.php\/wp-json\/wp\/v2\/comments?post=6789"}],"wp:featuredmedia":[{"embeddable":true,"href":"https:\/\/www.veneciacr.com\/index.php\/wp-json\/wp\/v2\/media\/78601"}],"wp:attachment":[{"href":"https:\/\/www.veneciacr.com\/index.php\/wp-json\/wp\/v2\/media?parent=6789"}],"wp:term":[{"taxonomy":"product_brand","embeddable":true,"href":"https:\/\/www.veneciacr.com\/index.php\/wp-json\/wp\/v2\/product_brand?post=6789"},{"taxonomy":"product_cat","embeddable":true,"href":"https:\/\/www.veneciacr.com\/index.php\/wp-json\/wp\/v2\/product_cat?post=6789"},{"taxonomy":"product_tag","embeddable":true,"href":"https:\/\/www.veneciacr.com\/index.php\/wp-json\/wp\/v2\/product_tag?post=6789"}],"curies":[{"name":"wp","href":"https:\/\/api.w.org\/{rel}","templated":true}]}}