{"id":6744,"date":"2026-04-30T02:02:08","date_gmt":"2026-04-30T08:02:08","guid":{"rendered":"http:\/\/34.83.78.142\/index.php\/product\/paq-amarra-plastica-22-8mm-10pzs-cin-12055-voltech\/"},"modified":"2026-04-30T02:02:09","modified_gmt":"2026-04-30T08:02:09","slug":"paq-amarra-plastica-22-7-5mm-10pzs-cin-12055-volteck","status":"publish","type":"product","link":"https:\/\/www.veneciacr.com\/index.php\/producto\/paq-amarra-plastica-22-7-5mm-10pzs-cin-12055-volteck\/","title":{"rendered":"PAQ AMARRA PLASTICA 22&#8243; 7.5MM 10PZS CIN-12055 VOLTECK"},"content":{"rendered":"<p>Fabricados de nylon, para uso en exterior comercial, residencial, el\u00e9ctrico, industrial y en construcci\u00f3n<br \/>\nSeguro autom\u00e1tico<\/p>\n<p>Especificaciones<br \/>\nGenerales<br \/>\nEmpaque individual Bolsa con 10 piezas<\/p>\n<p>48983 CIN-12055 54 kg (120 lb) 55 cm 7.5 mm<\/p>\n","protected":false},"excerpt":{"rendered":"<p>Fabricados de nylon, para uso en exterior comercial, residencial, el\u00e9ctrico, industrial y en construcci\u00f3n Seguro autom\u00e1tico Especificaciones Generales Empaque individual<\/p>\n","protected":false},"featured_media":97671,"comment_status":"closed","ping_status":"open","template":"","meta":[],"product_brand":[],"product_cat":[15],"product_tag":[],"class_list":{"0":"post-6744","1":"product","2":"type-product","3":"status-publish","4":"has-post-thumbnail","6":"product_cat-uncategorized","8":"first","9":"instock","10":"purchasable","11":"product-type-simple"},"jetpack_sharing_enabled":true,"_links":{"self":[{"href":"https:\/\/www.veneciacr.com\/index.php\/wp-json\/wp\/v2\/product\/6744","targetHints":{"allow":["GET"]}}],"collection":[{"href":"https:\/\/www.veneciacr.com\/index.php\/wp-json\/wp\/v2\/product"}],"about":[{"href":"https:\/\/www.veneciacr.com\/index.php\/wp-json\/wp\/v2\/types\/product"}],"replies":[{"embeddable":true,"href":"https:\/\/www.veneciacr.com\/index.php\/wp-json\/wp\/v2\/comments?post=6744"}],"wp:featuredmedia":[{"embeddable":true,"href":"https:\/\/www.veneciacr.com\/index.php\/wp-json\/wp\/v2\/media\/97671"}],"wp:attachment":[{"href":"https:\/\/www.veneciacr.com\/index.php\/wp-json\/wp\/v2\/media?parent=6744"}],"wp:term":[{"taxonomy":"product_brand","embeddable":true,"href":"https:\/\/www.veneciacr.com\/index.php\/wp-json\/wp\/v2\/product_brand?post=6744"},{"taxonomy":"product_cat","embeddable":true,"href":"https:\/\/www.veneciacr.com\/index.php\/wp-json\/wp\/v2\/product_cat?post=6744"},{"taxonomy":"product_tag","embeddable":true,"href":"https:\/\/www.veneciacr.com\/index.php\/wp-json\/wp\/v2\/product_tag?post=6744"}],"curies":[{"name":"wp","href":"https:\/\/api.w.org\/{rel}","templated":true}]}}