{"id":6728,"date":"2026-04-21T03:11:46","date_gmt":"2026-04-21T09:11:46","guid":{"rendered":"http:\/\/34.83.78.142\/index.php\/product\/extension-elect-12m-er-12x16-voltech\/"},"modified":"2026-04-21T03:11:48","modified_gmt":"2026-04-21T09:11:48","slug":"extension-elect-12m-er-12x16-volteck","status":"publish","type":"product","link":"https:\/\/www.veneciacr.com\/index.php\/producto\/extension-elect-12m-er-12x16-volteck\/","title":{"rendered":"EXTENSION ELECT 12M ER-12X16 VOLTECK"},"content":{"rendered":"<p>Recubierta de PVC autoextinguible<br \/>\nAunque no tienen conectividad a tierra, su dise\u00f1o permite conectar hasta 3 clavijas aterrizadas<br \/>\nContacto con 3 recept\u00e1culos polarizados<br \/>\nPolarizado<br \/>\n2 x 16 AWG<br \/>\nAunque no tienen conectividad a tierra, su dise\u00f1o permite conectar clavijas aterrizadas<\/p>\n<p>NORMA<br \/>\nCumple la norma: NOM-003-SCFI<\/p>\n<p>ESPECIFICACIONES<br \/>\nColor: Naranja<br \/>\nLongitud: 12 m<br \/>\nCalibre: 16 AWG<br \/>\nTensi\u00f3n: 127 V<br \/>\nFrecuencia: 60 Hz<br \/>\nCorriente: 13 A<br \/>\nTemperatura m\u00e1xima de operaci\u00f3n: 60 \u00b0C<br \/>\nEmpaque individual: Porta extensi\u00f3n<\/p>\n<p>Usos<br \/>\nIdeal para conectar herramientas y equipos con motores el\u00e9ctricos que requieren mayor corriente a energ\u00eda que los aparatos dom\u00e9sticos<\/p>\n<p>CUIDADOS<br \/>\nNo sobrepase la corriente indicada<br \/>\nNo la modifique o repare<br \/>\nRevise peri\u00f3dicamente para identificar cualquier desgaste en cable o clavija que pudiera representar un riesgo el\u00e9ctrico<br \/>\nDesconectar cuando no se utilice<br \/>\nConectar la clavija totalmente<br \/>\nNo jale del cable para desconectar<br \/>\nNo conectar mas de 1650 W<\/p>\n","protected":false},"excerpt":{"rendered":"<p>Recubierta de PVC autoextinguible Aunque no tienen conectividad a tierra, su dise\u00f1o permite conectar hasta 3 clavijas aterrizadas Contacto con<\/p>\n","protected":false},"featured_media":78530,"comment_status":"closed","ping_status":"open","template":"","meta":[],"product_brand":[],"product_cat":[15],"product_tag":[],"class_list":{"0":"post-6728","1":"product","2":"type-product","3":"status-publish","4":"has-post-thumbnail","6":"product_cat-uncategorized","8":"first","9":"outofstock","10":"purchasable","11":"product-type-simple"},"jetpack_sharing_enabled":true,"_links":{"self":[{"href":"https:\/\/www.veneciacr.com\/index.php\/wp-json\/wp\/v2\/product\/6728","targetHints":{"allow":["GET"]}}],"collection":[{"href":"https:\/\/www.veneciacr.com\/index.php\/wp-json\/wp\/v2\/product"}],"about":[{"href":"https:\/\/www.veneciacr.com\/index.php\/wp-json\/wp\/v2\/types\/product"}],"replies":[{"embeddable":true,"href":"https:\/\/www.veneciacr.com\/index.php\/wp-json\/wp\/v2\/comments?post=6728"}],"wp:featuredmedia":[{"embeddable":true,"href":"https:\/\/www.veneciacr.com\/index.php\/wp-json\/wp\/v2\/media\/78530"}],"wp:attachment":[{"href":"https:\/\/www.veneciacr.com\/index.php\/wp-json\/wp\/v2\/media?parent=6728"}],"wp:term":[{"taxonomy":"product_brand","embeddable":true,"href":"https:\/\/www.veneciacr.com\/index.php\/wp-json\/wp\/v2\/product_brand?post=6728"},{"taxonomy":"product_cat","embeddable":true,"href":"https:\/\/www.veneciacr.com\/index.php\/wp-json\/wp\/v2\/product_cat?post=6728"},{"taxonomy":"product_tag","embeddable":true,"href":"https:\/\/www.veneciacr.com\/index.php\/wp-json\/wp\/v2\/product_tag?post=6728"}],"curies":[{"name":"wp","href":"https:\/\/api.w.org\/{rel}","templated":true}]}}