{"id":6721,"date":"2026-04-28T02:02:11","date_gmt":"2026-04-28T08:02:11","guid":{"rendered":"http:\/\/34.83.78.142\/index.php\/product\/tubo-abasto-doble-1-2-x-1-2-x-1-2-75cm-fte-55-foset\/"},"modified":"2026-04-28T02:02:11","modified_gmt":"2026-04-28T08:02:11","slug":"tubo-abasto-doble-1-2-x-1-2-x-1-2-75cm-fte-55-foset","status":"publish","type":"product","link":"https:\/\/www.veneciacr.com\/index.php\/producto\/tubo-abasto-doble-1-2-x-1-2-x-1-2-75cm-fte-55-foset\/","title":{"rendered":"TUBO ABASTO DOBLE 1\/2 X 1\/2 X 1\/2 75CM FTE-55 FOSET"},"content":{"rendered":"<p>Tuercas 1\/2&#8243; de lat\u00f3n niquelado<br \/>\nEspigas de lat\u00f3n resistentes a la corrosi\u00f3n<br \/>\nF\u00e9rulas de acero inoxidable<br \/>\nTrenzado de acero inoxidable sobre manguera de hule EPDM para mayor durabilidad y resistencia a la presi\u00f3n<br \/>\nEmpaques de hule<\/p>\n<div class=\"col-6\">\n<div class=\"table-responsive tabla_border\">\n<table class=\"table table-bordered table_info_prod align-middle m-0\">\n<tbody>\n<tr id=\"tabla_especs\">\n<th class=\"tamanio_th_especs\" scope=\"row\">\n<p class=\"margen_tabla_especs\">Medida de tuercas<\/p>\n<\/th>\n<td>\n<p class=\"margen_tabla_especs\">1\/2&#8243; (13 mm) x 1\/2&#8243; (13 mm) x 1\/2&#8243; (13 mm)<\/p>\n<\/td>\n<\/tr>\n<tr id=\"tabla_especs\">\n<th class=\"tamanio_th_especs\" scope=\"row\">\n<p class=\"margen_tabla_especs\">Presi\u00f3n m\u00e1xima<\/p>\n<\/th>\n<td>\n<p class=\"margen_tabla_especs\">145 psi<\/p>\n<\/td>\n<\/tr>\n<tr id=\"tabla_especs\">\n<th class=\"tamanio_th_especs\" scope=\"row\">\n<p class=\"margen_tabla_especs\">Peso<\/p>\n<\/th>\n<td>\n<p class=\"margen_tabla_especs\">256 g<\/p>\n<\/td>\n<\/tr>\n<tr id=\"tabla_especs\">\n<th class=\"tamanio_th_especs\" scope=\"row\"><\/th>\n<td><\/td>\n<\/tr>\n<tr id=\"tabla_especs\">\n<th class=\"tamanio_th_especs\" scope=\"row\"><\/th>\n<td><\/td>\n<\/tr>\n<\/tbody>\n<\/table>\n<\/div>\n<\/div>\n<div class=\"col-6\">\n<div class=\"table-responsive tabla_border\">\n<table class=\"table table-bordered table_info_prod align-middle m-0\">\n<tbody>\n<tr id=\"tabla_especs\">\n<th class=\"tamanio_th_especs\" scope=\"row\">\n<p class=\"margen_tabla_especs\">Largo<\/p>\n<\/th>\n<td>\n<p class=\"margen_tabla_especs\">55 cm<\/p>\n<\/td>\n<\/tr>\n<tr id=\"tabla_especs\">\n<th class=\"tamanio_th_especs\" scope=\"row\">\n<p class=\"margen_tabla_especs\">Temperatura m\u00e1xima<\/p>\n<\/th>\n<td>\n<p class=\"margen_tabla_especs\">80\u00b0 C<\/p>\n<\/td>\n<\/tr>\n<tr id=\"tabla_especs\">\n<th class=\"tamanio_th_especs\" scope=\"row\">\n<p class=\"margen_tabla_especs\">Empaque individual<\/p>\n<\/th>\n<td>\n<p class=\"margen_tabla_especs\">Caballete<\/p>\n<\/td>\n<\/tr>\n<\/tbody>\n<\/table>\n<\/div>\n<\/div>\n","protected":false},"excerpt":{"rendered":"<p>Tuercas 1\/2&#8243; de lat\u00f3n niquelado Espigas de lat\u00f3n resistentes a la corrosi\u00f3n F\u00e9rulas de acero inoxidable Trenzado de acero inoxidable<\/p>\n","protected":false},"featured_media":78522,"comment_status":"closed","ping_status":"open","template":"","meta":[],"product_brand":[],"product_cat":[15],"product_tag":[],"class_list":{"0":"post-6721","1":"product","2":"type-product","3":"status-publish","4":"has-post-thumbnail","6":"product_cat-uncategorized","8":"first","9":"instock","10":"purchasable","11":"product-type-simple"},"jetpack_sharing_enabled":true,"_links":{"self":[{"href":"https:\/\/www.veneciacr.com\/index.php\/wp-json\/wp\/v2\/product\/6721","targetHints":{"allow":["GET"]}}],"collection":[{"href":"https:\/\/www.veneciacr.com\/index.php\/wp-json\/wp\/v2\/product"}],"about":[{"href":"https:\/\/www.veneciacr.com\/index.php\/wp-json\/wp\/v2\/types\/product"}],"replies":[{"embeddable":true,"href":"https:\/\/www.veneciacr.com\/index.php\/wp-json\/wp\/v2\/comments?post=6721"}],"wp:featuredmedia":[{"embeddable":true,"href":"https:\/\/www.veneciacr.com\/index.php\/wp-json\/wp\/v2\/media\/78522"}],"wp:attachment":[{"href":"https:\/\/www.veneciacr.com\/index.php\/wp-json\/wp\/v2\/media?parent=6721"}],"wp:term":[{"taxonomy":"product_brand","embeddable":true,"href":"https:\/\/www.veneciacr.com\/index.php\/wp-json\/wp\/v2\/product_brand?post=6721"},{"taxonomy":"product_cat","embeddable":true,"href":"https:\/\/www.veneciacr.com\/index.php\/wp-json\/wp\/v2\/product_cat?post=6721"},{"taxonomy":"product_tag","embeddable":true,"href":"https:\/\/www.veneciacr.com\/index.php\/wp-json\/wp\/v2\/product_tag?post=6721"}],"curies":[{"name":"wp","href":"https:\/\/api.w.org\/{rel}","templated":true}]}}