{"id":6656,"date":"2026-04-21T03:15:19","date_gmt":"2026-04-21T09:15:19","guid":{"rendered":"http:\/\/34.83.78.142\/index.php\/product\/escalera-tubular-3p-91kg-estu-3p-pretul\/"},"modified":"2026-04-21T03:15:19","modified_gmt":"2026-04-21T09:15:19","slug":"escalera-tubular-plegable-3p-150kg-estu-3p-pretul","status":"publish","type":"product","link":"https:\/\/www.veneciacr.com\/index.php\/producto\/escalera-tubular-plegable-3p-150kg-estu-3p-pretul\/","title":{"rendered":"ESCALERA TUBULAR PLEGABLE 3P 150KG ESTU-3P PRETUL"},"content":{"rendered":"<p>Fabricada en tubo de acero<\/p>\n<p>Plegable para f\u00e1cil almacenamiento y transportaci\u00f3n<\/p>\n<p>Con bloqueo de seguridad<\/p>\n<p>Pelda\u00f1os antiderrapantes con plataforma amplia<\/p>\n<p>Tacones pl\u00e1sticos antiderrapantes<\/p>\n<div class=\"col-6\">\n<div class=\"table-responsive tabla_border\">\n<table class=\"table table-bordered table_info_prod align-middle m-0\">\n<tbody>\n<tr id=\"tabla_especs\">\n<th class=\"tamanio_th_especs\" scope=\"row\">\n<p class=\"margen_tabla_especs\">Tipo<\/p>\n<\/th>\n<td>\n<p class=\"margen_tabla_especs\">III<\/p>\n<\/td>\n<\/tr>\n<tr id=\"tabla_especs\">\n<th class=\"tamanio_th_especs\" scope=\"row\">\n<p class=\"margen_tabla_especs\">Pelda\u00f1os<\/p>\n<\/th>\n<td>\n<p class=\"margen_tabla_especs\">3<\/p>\n<\/td>\n<\/tr>\n<tr id=\"tabla_especs\">\n<th class=\"tamanio_th_especs\" scope=\"row\">\n<p class=\"margen_tabla_especs\">Alcance m\u00e1ximo*<\/p>\n<\/th>\n<td>\n<p class=\"margen_tabla_especs\">2.7 m (8.9&#8242;)<\/p>\n<\/td>\n<\/tr>\n<tr id=\"tabla_especs\">\n<th class=\"tamanio_th_especs\" scope=\"row\">\n<p class=\"margen_tabla_especs\">Volumen<\/p>\n<\/th>\n<td>\n<p class=\"margen_tabla_especs\">0.034 m\u00b3<\/p>\n<\/td>\n<\/tr>\n<\/tbody>\n<\/table>\n<\/div>\n<\/div>\n<div class=\"col-6\">\n<div class=\"table-responsive tabla_border\">\n<table class=\"table table-bordered table_info_prod align-middle m-0\">\n<tbody>\n<tr id=\"tabla_especs\">\n<th class=\"tamanio_th_especs\" scope=\"row\">\n<p class=\"margen_tabla_especs\">Capacidad de carga<\/p>\n<\/th>\n<td>\n<p class=\"margen_tabla_especs\">150 kg<\/p>\n<\/td>\n<\/tr>\n<tr id=\"tabla_especs\">\n<th class=\"tamanio_th_especs\" scope=\"row\">\n<p class=\"margen_tabla_especs\">Altura<\/p>\n<\/th>\n<td>\n<p class=\"margen_tabla_especs\">1.2\u00a0m (3.9&#8242;)<\/p>\n<\/td>\n<\/tr>\n<tr id=\"tabla_especs\">\n<th class=\"tamanio_th_especs\" scope=\"row\">\n<p class=\"margen_tabla_especs\">Apertura lateral<\/p>\n<\/th>\n<td>\n<p class=\"margen_tabla_especs\">66 cm<\/p>\n<\/td>\n<\/tr>\n<tr id=\"tabla_especs\">\n<th class=\"tamanio_th_especs\" scope=\"row\">\n<p class=\"margen_tabla_especs\">Peso<\/p>\n<\/th>\n<td>\n<p class=\"margen_tabla_especs\">6.2 kg<\/p>\n<\/td>\n<\/tr>\n<\/tbody>\n<\/table>\n<\/div>\n<\/div>\n","protected":false},"excerpt":{"rendered":"<p>Fabricada en tubo de acero Plegable para f\u00e1cil almacenamiento y transportaci\u00f3n Con bloqueo de seguridad Pelda\u00f1os antiderrapantes con plataforma amplia<\/p>\n","protected":false},"featured_media":78440,"comment_status":"closed","ping_status":"open","template":"","meta":[],"product_brand":[],"product_cat":[152,23],"product_tag":[],"class_list":{"0":"post-6656","1":"product","2":"type-product","3":"status-publish","4":"has-post-thumbnail","6":"product_cat-herramienta-manuales","7":"product_cat-herramientas","9":"first","10":"outofstock","11":"purchasable","12":"product-type-simple"},"jetpack_sharing_enabled":true,"_links":{"self":[{"href":"https:\/\/www.veneciacr.com\/index.php\/wp-json\/wp\/v2\/product\/6656","targetHints":{"allow":["GET"]}}],"collection":[{"href":"https:\/\/www.veneciacr.com\/index.php\/wp-json\/wp\/v2\/product"}],"about":[{"href":"https:\/\/www.veneciacr.com\/index.php\/wp-json\/wp\/v2\/types\/product"}],"replies":[{"embeddable":true,"href":"https:\/\/www.veneciacr.com\/index.php\/wp-json\/wp\/v2\/comments?post=6656"}],"wp:featuredmedia":[{"embeddable":true,"href":"https:\/\/www.veneciacr.com\/index.php\/wp-json\/wp\/v2\/media\/78440"}],"wp:attachment":[{"href":"https:\/\/www.veneciacr.com\/index.php\/wp-json\/wp\/v2\/media?parent=6656"}],"wp:term":[{"taxonomy":"product_brand","embeddable":true,"href":"https:\/\/www.veneciacr.com\/index.php\/wp-json\/wp\/v2\/product_brand?post=6656"},{"taxonomy":"product_cat","embeddable":true,"href":"https:\/\/www.veneciacr.com\/index.php\/wp-json\/wp\/v2\/product_cat?post=6656"},{"taxonomy":"product_tag","embeddable":true,"href":"https:\/\/www.veneciacr.com\/index.php\/wp-json\/wp\/v2\/product_tag?post=6656"}],"curies":[{"name":"wp","href":"https:\/\/api.w.org\/{rel}","templated":true}]}}