{"id":6637,"date":"2026-04-23T02:02:24","date_gmt":"2026-04-23T08:02:24","guid":{"rendered":"http:\/\/34.83.78.142\/index.php\/product\/regleta-supresor-metal-6-ent-awg14-mul-612x-truper\/"},"modified":"2026-04-23T02:02:24","modified_gmt":"2026-04-23T08:02:24","slug":"regleta-supresor-metal-6-ent-awg14-mul-612x-truper","status":"publish","type":"product","link":"https:\/\/www.veneciacr.com\/index.php\/producto\/regleta-supresor-metal-6-ent-awg14-mul-612x-truper\/","title":{"rendered":"REGLETA SUPRESOR METAL 6 ENT AWG14 MUL-612X TRUPER"},"content":{"rendered":"<p>N\u00famero de contactos 6<br \/>\nProtecci\u00f3n 1,200 joules<br \/>\nCalibre 14 AWG<br \/>\nTensi\u00f3n m\u00e1xima 6,000 V<br \/>\nLongitud de cable 90 cm<br \/>\nTensi\u00f3n de alimentaci\u00f3n 125 V<br \/>\nFrecuencia de operaci\u00f3n 60 Hz<br \/>\nCorriente 15 A<br \/>\nPotencia 1,875 W<br \/>\nTiempo de respuesta 1 ns<br \/>\nEmpaque Funda<\/p>\n<p>CARACTER\u00cdSTICAS<br \/>\nResistente cuerpo de acero<br \/>\nCarrete integrado para su f\u00e1cil almacenamiento<br \/>\nInterruptor con luz indicadora<br \/>\n60% m\u00e1s cobre que los multicontactos de calibre 16 para soportar una mayor carga sin calentarse<\/p>\n<p>USOS<br \/>\nIndustrial, para interiores<br \/>\nProtege los equipos contra cortocircuitos y sobrecargas de corriente<\/p>\n","protected":false},"excerpt":{"rendered":"<p>N\u00famero de contactos 6 Protecci\u00f3n 1,200 joules Calibre 14 AWG Tensi\u00f3n m\u00e1xima 6,000 V Longitud de cable 90 cm Tensi\u00f3n<\/p>\n","protected":false},"featured_media":78410,"comment_status":"closed","ping_status":"open","template":"","meta":[],"product_brand":[],"product_cat":[80],"product_tag":[],"class_list":{"0":"post-6637","1":"product","2":"type-product","3":"status-publish","4":"has-post-thumbnail","6":"product_cat-electrico","8":"first","9":"instock","10":"purchasable","11":"product-type-simple"},"jetpack_sharing_enabled":true,"_links":{"self":[{"href":"https:\/\/www.veneciacr.com\/index.php\/wp-json\/wp\/v2\/product\/6637","targetHints":{"allow":["GET"]}}],"collection":[{"href":"https:\/\/www.veneciacr.com\/index.php\/wp-json\/wp\/v2\/product"}],"about":[{"href":"https:\/\/www.veneciacr.com\/index.php\/wp-json\/wp\/v2\/types\/product"}],"replies":[{"embeddable":true,"href":"https:\/\/www.veneciacr.com\/index.php\/wp-json\/wp\/v2\/comments?post=6637"}],"wp:featuredmedia":[{"embeddable":true,"href":"https:\/\/www.veneciacr.com\/index.php\/wp-json\/wp\/v2\/media\/78410"}],"wp:attachment":[{"href":"https:\/\/www.veneciacr.com\/index.php\/wp-json\/wp\/v2\/media?parent=6637"}],"wp:term":[{"taxonomy":"product_brand","embeddable":true,"href":"https:\/\/www.veneciacr.com\/index.php\/wp-json\/wp\/v2\/product_brand?post=6637"},{"taxonomy":"product_cat","embeddable":true,"href":"https:\/\/www.veneciacr.com\/index.php\/wp-json\/wp\/v2\/product_cat?post=6637"},{"taxonomy":"product_tag","embeddable":true,"href":"https:\/\/www.veneciacr.com\/index.php\/wp-json\/wp\/v2\/product_tag?post=6637"}],"curies":[{"name":"wp","href":"https:\/\/api.w.org\/{rel}","templated":true}]}}