{"id":66098,"date":"2026-04-21T05:42:35","date_gmt":"2026-04-21T11:42:35","guid":{"rendered":"https:\/\/www.veneciacr.com\/index.php\/producto\/metro-cadena-plastica-1-4-blanca-5mm-fiero-capl-5b\/"},"modified":"2026-04-21T05:42:36","modified_gmt":"2026-04-21T11:42:36","slug":"metro-cadena-plastica-1-4-blanca-5mm-capl-5b-fiero","status":"publish","type":"product","link":"https:\/\/www.veneciacr.com\/index.php\/producto\/metro-cadena-plastica-1-4-blanca-5mm-capl-5b-fiero\/","title":{"rendered":"METRO CADENA PLASTICA 1\/4&#8243; BLANCA 5MM CAPL-5B FIERO"},"content":{"rendered":"<p>Fabricada en polietileno<\/p>\n<p>Resistente a la intemperie<\/p>\n<p>Ligera y lavable<\/p>\n<p>Ideal como gu\u00eda y delimitaci\u00f3n de zonas peatonales, zonas arqueol\u00f3gicas, albercas y museos<\/p>\n","protected":false},"excerpt":{"rendered":"<p>Fabricada en polietileno Resistente a la intemperie Ligera y lavable Ideal como gu\u00eda y delimitaci\u00f3n de zonas peatonales, zonas arqueol\u00f3gicas,<\/p>\n","protected":false},"featured_media":96022,"comment_status":"closed","ping_status":"open","template":"","meta":[],"product_brand":[],"product_cat":[15],"product_tag":[],"class_list":{"0":"post-66098","1":"product","2":"type-product","3":"status-publish","4":"has-post-thumbnail","6":"product_cat-uncategorized","8":"first","9":"outofstock","10":"purchasable","11":"product-type-simple"},"jetpack_sharing_enabled":true,"_links":{"self":[{"href":"https:\/\/www.veneciacr.com\/index.php\/wp-json\/wp\/v2\/product\/66098","targetHints":{"allow":["GET"]}}],"collection":[{"href":"https:\/\/www.veneciacr.com\/index.php\/wp-json\/wp\/v2\/product"}],"about":[{"href":"https:\/\/www.veneciacr.com\/index.php\/wp-json\/wp\/v2\/types\/product"}],"replies":[{"embeddable":true,"href":"https:\/\/www.veneciacr.com\/index.php\/wp-json\/wp\/v2\/comments?post=66098"}],"wp:featuredmedia":[{"embeddable":true,"href":"https:\/\/www.veneciacr.com\/index.php\/wp-json\/wp\/v2\/media\/96022"}],"wp:attachment":[{"href":"https:\/\/www.veneciacr.com\/index.php\/wp-json\/wp\/v2\/media?parent=66098"}],"wp:term":[{"taxonomy":"product_brand","embeddable":true,"href":"https:\/\/www.veneciacr.com\/index.php\/wp-json\/wp\/v2\/product_brand?post=66098"},{"taxonomy":"product_cat","embeddable":true,"href":"https:\/\/www.veneciacr.com\/index.php\/wp-json\/wp\/v2\/product_cat?post=66098"},{"taxonomy":"product_tag","embeddable":true,"href":"https:\/\/www.veneciacr.com\/index.php\/wp-json\/wp\/v2\/product_tag?post=66098"}],"curies":[{"name":"wp","href":"https:\/\/api.w.org\/{rel}","templated":true}]}}