{"id":658,"date":"2026-04-21T06:23:44","date_gmt":"2026-04-21T12:23:44","guid":{"rendered":"http:\/\/34.83.78.142\/index.php\/product\/pistola-baja-1-9-cfm-26-goni\/"},"modified":"2026-04-21T06:23:45","modified_gmt":"2026-04-21T12:23:45","slug":"pistola-pintar-baja-1-9-cfm-26-goni","status":"publish","type":"product","link":"https:\/\/www.veneciacr.com\/index.php\/producto\/pistola-pintar-baja-1-9-cfm-26-goni\/","title":{"rendered":"PISTOLA PINTAR BAJA 1.9 CFM 26 GONI"},"content":{"rendered":"<p style=\"font-weight: 300;\">Pistola de baja presi\u00f3n dise\u00f1ada para trabajar con compresores de potencia peque\u00f1a e incluso con compresores sin tanque. Son las pistolas m\u00e1s utilizadas por los profesionales y los amateurs, debido a su desempe\u00f1o y costo. Con esta pistola se puede aplicar una gran gama de materiales como lo son: esmaltes, lacas, barnices y selladores de baja viscosidad. La pistola 26 original viene equipada con tres boquillas distintas: una boquilla de 450 grados, una boquilla de punto y una boquilla de abanico.<\/p>\n<p style=\"font-weight: 300;\">CARACTER\u00cdSTICAS<\/p>\n<ul style=\"font-weight: 300;\">\n<li>Presi\u00f3n m\u00e1xima: 3.44 bar (50 PSI)<\/li>\n<li>Rango de presi\u00f3n: 1.72-3.10 bar (25-45 PSI)<\/li>\n<li>Presi\u00f3n \u00f3ptima de trabajo: 2.41 bar (35 PSI)<\/li>\n<li>Boquillas: Mezcla interna<\/li>\n<li>Sistema de alimentaci\u00f3n: Succi\u00f3n<\/li>\n<li>Consumo de aire: 53.81\/min (1.9 GM)<\/li>\n<li>Tipo de flujo de aire: Continuo<\/li>\n<li>Capacidad del vaso: 1 L (0.26 gal)<\/li>\n<li>Medidas: Alto: 27.1 cm Largo: 16.4 cm Ancho: 10.6 cm<\/li>\n<li>Peso: 0.56 kg<\/li>\n<\/ul>\n","protected":false},"excerpt":{"rendered":"<p>Pistola de baja presi\u00f3n dise\u00f1ada para trabajar con compresores de potencia peque\u00f1a e incluso con compresores sin tanque. Son las<\/p>\n","protected":false},"featured_media":74208,"comment_status":"closed","ping_status":"open","template":"","meta":[],"product_brand":[],"product_cat":[15],"product_tag":[],"class_list":{"0":"post-658","1":"product","2":"type-product","3":"status-publish","4":"has-post-thumbnail","6":"product_cat-uncategorized","8":"first","9":"instock","10":"purchasable","11":"product-type-simple"},"jetpack_sharing_enabled":true,"_links":{"self":[{"href":"https:\/\/www.veneciacr.com\/index.php\/wp-json\/wp\/v2\/product\/658","targetHints":{"allow":["GET"]}}],"collection":[{"href":"https:\/\/www.veneciacr.com\/index.php\/wp-json\/wp\/v2\/product"}],"about":[{"href":"https:\/\/www.veneciacr.com\/index.php\/wp-json\/wp\/v2\/types\/product"}],"replies":[{"embeddable":true,"href":"https:\/\/www.veneciacr.com\/index.php\/wp-json\/wp\/v2\/comments?post=658"}],"wp:featuredmedia":[{"embeddable":true,"href":"https:\/\/www.veneciacr.com\/index.php\/wp-json\/wp\/v2\/media\/74208"}],"wp:attachment":[{"href":"https:\/\/www.veneciacr.com\/index.php\/wp-json\/wp\/v2\/media?parent=658"}],"wp:term":[{"taxonomy":"product_brand","embeddable":true,"href":"https:\/\/www.veneciacr.com\/index.php\/wp-json\/wp\/v2\/product_brand?post=658"},{"taxonomy":"product_cat","embeddable":true,"href":"https:\/\/www.veneciacr.com\/index.php\/wp-json\/wp\/v2\/product_cat?post=658"},{"taxonomy":"product_tag","embeddable":true,"href":"https:\/\/www.veneciacr.com\/index.php\/wp-json\/wp\/v2\/product_tag?post=658"}],"curies":[{"name":"wp","href":"https:\/\/api.w.org\/{rel}","templated":true}]}}