{"id":6570,"date":"2026-04-21T03:19:07","date_gmt":"2026-04-21T09:19:07","guid":{"rendered":"http:\/\/34.83.78.142\/index.php\/product\/rueda-flap-2-g60-rufla-260-truper\/"},"modified":"2026-04-21T03:19:09","modified_gmt":"2026-04-21T09:19:09","slug":"rueda-flap-2-g60-rufla-260-truper","status":"publish","type":"product","link":"https:\/\/www.veneciacr.com\/index.php\/producto\/rueda-flap-2-g60-rufla-260-truper\/","title":{"rendered":"RUEDA FLAP 2&#8243; G60 RUFLA-260 TRUPER"},"content":{"rendered":"<p>Fabricada de \u00f3xido de aluminio<br \/>\nGran flexibilidad<br \/>\nIdeal para lugares de dif\u00edcil acceso<br \/>\nPara esmeril recto<br \/>\nZanco<br \/>\nAcero<br \/>\nMadera<br \/>\nPl\u00e1stico<br \/>\nPintura<\/p>\n<p>ESPECIFICACIONES<br \/>\nDi\u00e1metro: 2&#8243; (50 mm)<br \/>\nTama\u00f1o de grano: 60<br \/>\nZanco: 1\/4&#8243; (6.3 mm)<br \/>\nVelocidad m\u00e1xima: 23,000 rpm<br \/>\nEmpaque individual: Bl\u00edster<\/p>\n","protected":false},"excerpt":{"rendered":"<p>Fabricada de \u00f3xido de aluminio Gran flexibilidad Ideal para lugares de dif\u00edcil acceso Para esmeril recto Zanco Acero Madera Pl\u00e1stico<\/p>\n","protected":false},"featured_media":96790,"comment_status":"closed","ping_status":"open","template":"","meta":[],"product_brand":[],"product_cat":[19,92],"product_tag":[],"class_list":{"0":"post-6570","1":"product","2":"type-product","3":"status-publish","4":"has-post-thumbnail","6":"product_cat-ferreteria","7":"product_cat-ruedas","9":"first","10":"instock","11":"purchasable","12":"product-type-simple"},"jetpack_sharing_enabled":true,"_links":{"self":[{"href":"https:\/\/www.veneciacr.com\/index.php\/wp-json\/wp\/v2\/product\/6570","targetHints":{"allow":["GET"]}}],"collection":[{"href":"https:\/\/www.veneciacr.com\/index.php\/wp-json\/wp\/v2\/product"}],"about":[{"href":"https:\/\/www.veneciacr.com\/index.php\/wp-json\/wp\/v2\/types\/product"}],"replies":[{"embeddable":true,"href":"https:\/\/www.veneciacr.com\/index.php\/wp-json\/wp\/v2\/comments?post=6570"}],"wp:featuredmedia":[{"embeddable":true,"href":"https:\/\/www.veneciacr.com\/index.php\/wp-json\/wp\/v2\/media\/96790"}],"wp:attachment":[{"href":"https:\/\/www.veneciacr.com\/index.php\/wp-json\/wp\/v2\/media?parent=6570"}],"wp:term":[{"taxonomy":"product_brand","embeddable":true,"href":"https:\/\/www.veneciacr.com\/index.php\/wp-json\/wp\/v2\/product_brand?post=6570"},{"taxonomy":"product_cat","embeddable":true,"href":"https:\/\/www.veneciacr.com\/index.php\/wp-json\/wp\/v2\/product_cat?post=6570"},{"taxonomy":"product_tag","embeddable":true,"href":"https:\/\/www.veneciacr.com\/index.php\/wp-json\/wp\/v2\/product_tag?post=6570"}],"curies":[{"name":"wp","href":"https:\/\/api.w.org\/{rel}","templated":true}]}}