{"id":6521,"date":"2026-04-21T03:19:38","date_gmt":"2026-04-21T09:19:38","guid":{"rendered":"http:\/\/34.83.78.142\/index.php\/product\/lampara-circular-32w-t9-f-32cic-truper-voltech\/"},"modified":"2026-04-21T03:19:40","modified_gmt":"2026-04-21T09:19:40","slug":"lampara-circular-32w-t9-f-32cic-volteck","status":"publish","type":"product","link":"https:\/\/www.veneciacr.com\/index.php\/producto\/lampara-circular-32w-t9-f-32cic-volteck\/","title":{"rendered":"LAMPARA CIRCULAR 32W T9 F-32CIC VOLTECK"},"content":{"rendered":"<p>Hasta 73% ahorro de energ\u00eda<\/p>\n<p>L\u00e1mparas fluorescentes circulares<\/p>\n<p>Encendido instant\u00e1neo (proporciona el 100% de brillo al encender)<\/p>\n<p>No utilice con atenuadores (dimmers)<\/p>\n","protected":false},"excerpt":{"rendered":"<p>Hasta 73% ahorro de energ\u00eda L\u00e1mparas fluorescentes circulares Encendido instant\u00e1neo (proporciona el 100% de brillo al encender) No utilice con<\/p>\n","protected":false},"featured_media":78267,"comment_status":"closed","ping_status":"open","template":"","meta":[],"product_brand":[],"product_cat":[15],"product_tag":[],"class_list":{"0":"post-6521","1":"product","2":"type-product","3":"status-publish","4":"has-post-thumbnail","6":"product_cat-uncategorized","8":"first","9":"outofstock","10":"purchasable","11":"product-type-simple"},"jetpack_sharing_enabled":true,"_links":{"self":[{"href":"https:\/\/www.veneciacr.com\/index.php\/wp-json\/wp\/v2\/product\/6521","targetHints":{"allow":["GET"]}}],"collection":[{"href":"https:\/\/www.veneciacr.com\/index.php\/wp-json\/wp\/v2\/product"}],"about":[{"href":"https:\/\/www.veneciacr.com\/index.php\/wp-json\/wp\/v2\/types\/product"}],"replies":[{"embeddable":true,"href":"https:\/\/www.veneciacr.com\/index.php\/wp-json\/wp\/v2\/comments?post=6521"}],"wp:featuredmedia":[{"embeddable":true,"href":"https:\/\/www.veneciacr.com\/index.php\/wp-json\/wp\/v2\/media\/78267"}],"wp:attachment":[{"href":"https:\/\/www.veneciacr.com\/index.php\/wp-json\/wp\/v2\/media?parent=6521"}],"wp:term":[{"taxonomy":"product_brand","embeddable":true,"href":"https:\/\/www.veneciacr.com\/index.php\/wp-json\/wp\/v2\/product_brand?post=6521"},{"taxonomy":"product_cat","embeddable":true,"href":"https:\/\/www.veneciacr.com\/index.php\/wp-json\/wp\/v2\/product_cat?post=6521"},{"taxonomy":"product_tag","embeddable":true,"href":"https:\/\/www.veneciacr.com\/index.php\/wp-json\/wp\/v2\/product_tag?post=6521"}],"curies":[{"name":"wp","href":"https:\/\/api.w.org\/{rel}","templated":true}]}}