{"id":6507,"date":"2026-04-21T03:22:01","date_gmt":"2026-04-21T09:22:01","guid":{"rendered":"http:\/\/34.83.78.142\/index.php\/product\/router-1-2-1-4-1800w-ind-rou-nx2-truper\/"},"modified":"2026-04-21T03:22:03","modified_gmt":"2026-04-21T09:22:03","slug":"router-1-2-1-4-1800w-ind-rou-nx2-truper","status":"publish","type":"product","link":"https:\/\/www.veneciacr.com\/index.php\/producto\/router-1-2-1-4-1800w-ind-rou-nx2-truper\/","title":{"rendered":"ROUTER 1\/2&#8243;-1\/4&#8243; 1800W IND ROU-NX2 TRUPER"},"content":{"rendered":"<p>ROUTER 1\/2&#8243; &#8211; 1\/4&#8243; 1800W IND ROU-NX2 TRUPER<\/p>\n<p>ESPECIFICACIONES<br \/>\nPotencia 1,800 W<br \/>\nTensi\u00f3n 120 V<br \/>\nFrecuencia 60 Hz<br \/>\nCorriente 15 A<br \/>\nVelocidad 8,000 &#8211; 23,000 rpm<br \/>\nPinzas de sujeci\u00f3n 1\/2&#8243; (12.7mm) y 1\/4&#8243; (6.3mm)<br \/>\nPeso 6.2 kg<br \/>\nEmpaque Caja<\/p>\n<p>Incluye:<br \/>\nVarillas para gu\u00eda paralela<br \/>\nCollar\u00edn para brocas<br \/>\nLlave<br \/>\nGu\u00eda copiadora<br \/>\nCarbones de repuesto<\/p>\n<p>CARACTER\u00cdSTICAS<br \/>\nVelocidad variable con 7 niveles<br \/>\nSistema de micro ajuste de profundidad<br \/>\nTorre con 8 topes para ajuste r\u00e1pido y gu\u00eda paralela para desbaste preciso<br \/>\nCarbones expuestos<\/p>\n<p>USOS<br \/>\nIndustrial<br \/>\nEn carpinter\u00eda para cortes circulares, ideal para l\u00edneas de producci\u00f3n<\/p>\n<p>CUIDADOS<br \/>\nSoporta 50 minutos de trabajo por 20 minutos de descanso. M\u00e1ximo diario 6 horas<\/p>\n","protected":false},"excerpt":{"rendered":"<p>ROUTER 1\/2&#8243; &#8211; 1\/4&#8243; 1800W IND ROU-NX2 TRUPER ESPECIFICACIONES Potencia 1,800 W Tensi\u00f3n 120 V Frecuencia 60 Hz Corriente 15<\/p>\n","protected":false},"featured_media":78237,"comment_status":"closed","ping_status":"open","template":"","meta":[],"product_brand":[],"product_cat":[23,87],"product_tag":[],"class_list":{"0":"post-6507","1":"product","2":"type-product","3":"status-publish","4":"has-post-thumbnail","6":"product_cat-herramientas","7":"product_cat-herramientas-electricas","9":"first","10":"instock","11":"purchasable","12":"product-type-simple"},"jetpack_sharing_enabled":true,"_links":{"self":[{"href":"https:\/\/www.veneciacr.com\/index.php\/wp-json\/wp\/v2\/product\/6507","targetHints":{"allow":["GET"]}}],"collection":[{"href":"https:\/\/www.veneciacr.com\/index.php\/wp-json\/wp\/v2\/product"}],"about":[{"href":"https:\/\/www.veneciacr.com\/index.php\/wp-json\/wp\/v2\/types\/product"}],"replies":[{"embeddable":true,"href":"https:\/\/www.veneciacr.com\/index.php\/wp-json\/wp\/v2\/comments?post=6507"}],"wp:featuredmedia":[{"embeddable":true,"href":"https:\/\/www.veneciacr.com\/index.php\/wp-json\/wp\/v2\/media\/78237"}],"wp:attachment":[{"href":"https:\/\/www.veneciacr.com\/index.php\/wp-json\/wp\/v2\/media?parent=6507"}],"wp:term":[{"taxonomy":"product_brand","embeddable":true,"href":"https:\/\/www.veneciacr.com\/index.php\/wp-json\/wp\/v2\/product_brand?post=6507"},{"taxonomy":"product_cat","embeddable":true,"href":"https:\/\/www.veneciacr.com\/index.php\/wp-json\/wp\/v2\/product_cat?post=6507"},{"taxonomy":"product_tag","embeddable":true,"href":"https:\/\/www.veneciacr.com\/index.php\/wp-json\/wp\/v2\/product_tag?post=6507"}],"curies":[{"name":"wp","href":"https:\/\/api.w.org\/{rel}","templated":true}]}}