{"id":6500,"date":"2026-04-21T03:22:20","date_gmt":"2026-04-21T09:22:20","guid":{"rendered":"http:\/\/34.83.78.142\/index.php\/product\/brocha-p-techo-pvc-4-tht84100306-total\/"},"modified":"2026-04-21T03:22:21","modified_gmt":"2026-04-21T09:22:21","slug":"brocha-techo-pvc-4-tht84100306-total","status":"publish","type":"product","link":"https:\/\/www.veneciacr.com\/index.php\/producto\/brocha-techo-pvc-4-tht84100306-total\/","title":{"rendered":"BROCHA TECHO PVC 4&#8243; THT84100306 TOTAL"},"content":{"rendered":"<p>BROCHA TECHO PVC 4&#8243; THT84100306 TOTAL<\/p>\n<p>N\u00famero de parte THT84100306<br \/>\nBrocha para techo<br \/>\nMango de pl\u00e1stico<br \/>\nL\u00ednea Industrial<br \/>\n100% cerdas puras<br \/>\nAncho: 4&#8243;<br \/>\nLongitud de la cerda: 70mm<br \/>\nEspesor: 28mm<\/p>\n","protected":false},"excerpt":{"rendered":"<p>BROCHA TECHO PVC 4&#8243; THT84100306 TOTAL N\u00famero de parte THT84100306 Brocha para techo Mango de pl\u00e1stico L\u00ednea Industrial 100% cerdas<\/p>\n","protected":false},"featured_media":97482,"comment_status":"closed","ping_status":"open","template":"","meta":[],"product_brand":[],"product_cat":[29],"product_tag":[],"class_list":{"0":"post-6500","1":"product","2":"type-product","3":"status-publish","4":"has-post-thumbnail","6":"product_cat-plomeria","8":"first","9":"instock","10":"purchasable","11":"product-type-simple"},"jetpack_sharing_enabled":true,"_links":{"self":[{"href":"https:\/\/www.veneciacr.com\/index.php\/wp-json\/wp\/v2\/product\/6500","targetHints":{"allow":["GET"]}}],"collection":[{"href":"https:\/\/www.veneciacr.com\/index.php\/wp-json\/wp\/v2\/product"}],"about":[{"href":"https:\/\/www.veneciacr.com\/index.php\/wp-json\/wp\/v2\/types\/product"}],"replies":[{"embeddable":true,"href":"https:\/\/www.veneciacr.com\/index.php\/wp-json\/wp\/v2\/comments?post=6500"}],"wp:featuredmedia":[{"embeddable":true,"href":"https:\/\/www.veneciacr.com\/index.php\/wp-json\/wp\/v2\/media\/97482"}],"wp:attachment":[{"href":"https:\/\/www.veneciacr.com\/index.php\/wp-json\/wp\/v2\/media?parent=6500"}],"wp:term":[{"taxonomy":"product_brand","embeddable":true,"href":"https:\/\/www.veneciacr.com\/index.php\/wp-json\/wp\/v2\/product_brand?post=6500"},{"taxonomy":"product_cat","embeddable":true,"href":"https:\/\/www.veneciacr.com\/index.php\/wp-json\/wp\/v2\/product_cat?post=6500"},{"taxonomy":"product_tag","embeddable":true,"href":"https:\/\/www.veneciacr.com\/index.php\/wp-json\/wp\/v2\/product_tag?post=6500"}],"curies":[{"name":"wp","href":"https:\/\/api.w.org\/{rel}","templated":true}]}}