{"id":6498,"date":"2026-04-21T03:22:23","date_gmt":"2026-04-21T09:22:23","guid":{"rendered":"http:\/\/34.83.78.142\/index.php\/product\/disco-de-sierra-12-aluminio-100d-1-st-12100a-truper\/"},"modified":"2026-04-21T03:22:24","modified_gmt":"2026-04-21T09:22:24","slug":"disco-sierra-12-aluminio-100d-1-st-12100a-truper","status":"publish","type":"product","link":"https:\/\/www.veneciacr.com\/index.php\/producto\/disco-sierra-12-aluminio-100d-1-st-12100a-truper\/","title":{"rendered":"DISCO SIERRA 12&#8243; ALUMINIO 100D 1&#8243; ST-12100A TRUPER"},"content":{"rendered":"<p>Di\u00e1metro 12&#8243; (304.8mm)<br \/>\nCentro 1&#8243; (25.4mm)<br \/>\nN\u00famero de dientes 100<br \/>\nVelocidad m\u00e1xima 5,500 rpm<br \/>\nEmpaque Estuche pl\u00e1stico<\/p>\n<p>CARACTER\u00cdSTICAS<\/p>\n<p>Cuerpo de acero con tratamiento t\u00e9rmico y dientes de carburo de tungsteno, balanceado para mayor estabilidad<br \/>\nDientes de triple filo (un diente en forma de trapecio y un diente en forma plana)<br \/>\nSoldadura de alta frecuencia mejorada que evita el desprendimiento de los insertos de carburo<br \/>\nRanuras de expansi\u00f3n que reducen la vibraci\u00f3n, el sonido y la generaci\u00f3n de calor<\/p>\n","protected":false},"excerpt":{"rendered":"<p>Di\u00e1metro 12&#8243; (304.8mm) Centro 1&#8243; (25.4mm) N\u00famero de dientes 100 Velocidad m\u00e1xima 5,500 rpm Empaque Estuche pl\u00e1stico CARACTER\u00cdSTICAS Cuerpo de<\/p>\n","protected":false},"featured_media":78218,"comment_status":"closed","ping_status":"open","template":"","meta":[],"product_brand":[],"product_cat":[86,23],"product_tag":[],"class_list":{"0":"post-6498","1":"product","2":"type-product","3":"status-publish","4":"has-post-thumbnail","6":"product_cat-accesorios-para-herramientas-electricas","7":"product_cat-herramientas","9":"first","10":"outofstock","11":"purchasable","12":"product-type-simple"},"jetpack_sharing_enabled":true,"_links":{"self":[{"href":"https:\/\/www.veneciacr.com\/index.php\/wp-json\/wp\/v2\/product\/6498","targetHints":{"allow":["GET"]}}],"collection":[{"href":"https:\/\/www.veneciacr.com\/index.php\/wp-json\/wp\/v2\/product"}],"about":[{"href":"https:\/\/www.veneciacr.com\/index.php\/wp-json\/wp\/v2\/types\/product"}],"replies":[{"embeddable":true,"href":"https:\/\/www.veneciacr.com\/index.php\/wp-json\/wp\/v2\/comments?post=6498"}],"wp:featuredmedia":[{"embeddable":true,"href":"https:\/\/www.veneciacr.com\/index.php\/wp-json\/wp\/v2\/media\/78218"}],"wp:attachment":[{"href":"https:\/\/www.veneciacr.com\/index.php\/wp-json\/wp\/v2\/media?parent=6498"}],"wp:term":[{"taxonomy":"product_brand","embeddable":true,"href":"https:\/\/www.veneciacr.com\/index.php\/wp-json\/wp\/v2\/product_brand?post=6498"},{"taxonomy":"product_cat","embeddable":true,"href":"https:\/\/www.veneciacr.com\/index.php\/wp-json\/wp\/v2\/product_cat?post=6498"},{"taxonomy":"product_tag","embeddable":true,"href":"https:\/\/www.veneciacr.com\/index.php\/wp-json\/wp\/v2\/product_tag?post=6498"}],"curies":[{"name":"wp","href":"https:\/\/api.w.org\/{rel}","templated":true}]}}