{"id":6482,"date":"2026-04-21T03:22:33","date_gmt":"2026-04-21T09:22:33","guid":{"rendered":"http:\/\/34.83.78.142\/index.php\/product\/cortadora-tubo-1-1-8-cot-30e-truper\/"},"modified":"2026-04-21T03:22:34","modified_gmt":"2026-04-21T09:22:34","slug":"cortadora-tubo-1-1-8-cot-30e-truper","status":"publish","type":"product","link":"https:\/\/www.veneciacr.com\/index.php\/producto\/cortadora-tubo-1-1-8-cot-30e-truper\/","title":{"rendered":"CORTADORA TUBO 1 1\/8&#8243; COT-30E TRUPER"},"content":{"rendered":"<p>Cuchillas de acero de alta aleaci\u00f3n<br \/>\nIdeal para lugares de dif\u00edcil acceso<br \/>\nPara cortes limpios en cobre, lat\u00f3n o aluminio<\/p>\n<p>ESPECIFICACIONES<br \/>\nCapacidad de corte 1\/8&#8243; &#8211; 1 1\/8&#8243; (3-29mm)<br \/>\nLongitud 67 mm<br \/>\nDi\u00e1metro de cuchillas 18 mm<br \/>\nEspesor de cuchillas 1 mm<\/p>\n","protected":false},"excerpt":{"rendered":"<p>Cuchillas de acero de alta aleaci\u00f3n Ideal para lugares de dif\u00edcil acceso Para cortes limpios en cobre, lat\u00f3n o aluminio<\/p>\n","protected":false},"featured_media":78210,"comment_status":"closed","ping_status":"open","template":"","meta":[],"product_brand":[],"product_cat":[152,23],"product_tag":[],"class_list":{"0":"post-6482","1":"product","2":"type-product","3":"status-publish","4":"has-post-thumbnail","6":"product_cat-herramienta-manuales","7":"product_cat-herramientas","9":"first","10":"outofstock","11":"purchasable","12":"product-type-simple"},"jetpack_sharing_enabled":true,"_links":{"self":[{"href":"https:\/\/www.veneciacr.com\/index.php\/wp-json\/wp\/v2\/product\/6482","targetHints":{"allow":["GET"]}}],"collection":[{"href":"https:\/\/www.veneciacr.com\/index.php\/wp-json\/wp\/v2\/product"}],"about":[{"href":"https:\/\/www.veneciacr.com\/index.php\/wp-json\/wp\/v2\/types\/product"}],"replies":[{"embeddable":true,"href":"https:\/\/www.veneciacr.com\/index.php\/wp-json\/wp\/v2\/comments?post=6482"}],"wp:featuredmedia":[{"embeddable":true,"href":"https:\/\/www.veneciacr.com\/index.php\/wp-json\/wp\/v2\/media\/78210"}],"wp:attachment":[{"href":"https:\/\/www.veneciacr.com\/index.php\/wp-json\/wp\/v2\/media?parent=6482"}],"wp:term":[{"taxonomy":"product_brand","embeddable":true,"href":"https:\/\/www.veneciacr.com\/index.php\/wp-json\/wp\/v2\/product_brand?post=6482"},{"taxonomy":"product_cat","embeddable":true,"href":"https:\/\/www.veneciacr.com\/index.php\/wp-json\/wp\/v2\/product_cat?post=6482"},{"taxonomy":"product_tag","embeddable":true,"href":"https:\/\/www.veneciacr.com\/index.php\/wp-json\/wp\/v2\/product_tag?post=6482"}],"curies":[{"name":"wp","href":"https:\/\/api.w.org\/{rel}","templated":true}]}}