{"id":6453,"date":"2026-04-21T03:22:54","date_gmt":"2026-04-21T09:22:54","guid":{"rendered":"http:\/\/34.83.78.142\/index.php\/product\/pala-plegable-acero-18-ple-18-truper\/"},"modified":"2026-04-21T03:22:56","modified_gmt":"2026-04-21T09:22:56","slug":"pala-plegable-acero-18-ple-18-truper","status":"publish","type":"product","link":"https:\/\/www.veneciacr.com\/index.php\/producto\/pala-plegable-acero-18-ple-18-truper\/","title":{"rendered":"PALA PLEGABLE ACERO 18&#8243; PLE-18 TRUPER"},"content":{"rendered":"<p>Pala plegable de 18&#8243;, Truper<br \/>\nFabricada en acero.<br \/>\nFunda para f\u00e1cil almacenaje, fabricada en poli\u00e9ster y PVC.<br \/>\nPlegable para f\u00e1cil transportaci\u00f3n.<br \/>\nMultifuncional: Pala, pico, az\u00e1don y sierra.<br \/>\nSierra lateral.<\/p>\n<p>Especificaciones<br \/>\nLongitud total 18&#8243; (45 cm)<br \/>\nLongitud plegada 7&#8243; (19 cm)<br \/>\nAncho de la cabeza 4 1\/2&#8243; (11,4 cm)<br \/>\nPeso 1,5 lb (711 g)<br \/>\nEmpaque individual Caja<\/p>\n","protected":false},"excerpt":{"rendered":"<p>Pala plegable de 18&#8243;, Truper Fabricada en acero. Funda para f\u00e1cil almacenaje, fabricada en poli\u00e9ster y PVC. Plegable para f\u00e1cil<\/p>\n","protected":false},"featured_media":78185,"comment_status":"closed","ping_status":"open","template":"","meta":[],"product_brand":[],"product_cat":[152,23],"product_tag":[],"class_list":{"0":"post-6453","1":"product","2":"type-product","3":"status-publish","4":"has-post-thumbnail","6":"product_cat-herramienta-manuales","7":"product_cat-herramientas","9":"first","10":"instock","11":"purchasable","12":"product-type-simple"},"jetpack_sharing_enabled":true,"_links":{"self":[{"href":"https:\/\/www.veneciacr.com\/index.php\/wp-json\/wp\/v2\/product\/6453","targetHints":{"allow":["GET"]}}],"collection":[{"href":"https:\/\/www.veneciacr.com\/index.php\/wp-json\/wp\/v2\/product"}],"about":[{"href":"https:\/\/www.veneciacr.com\/index.php\/wp-json\/wp\/v2\/types\/product"}],"replies":[{"embeddable":true,"href":"https:\/\/www.veneciacr.com\/index.php\/wp-json\/wp\/v2\/comments?post=6453"}],"wp:featuredmedia":[{"embeddable":true,"href":"https:\/\/www.veneciacr.com\/index.php\/wp-json\/wp\/v2\/media\/78185"}],"wp:attachment":[{"href":"https:\/\/www.veneciacr.com\/index.php\/wp-json\/wp\/v2\/media?parent=6453"}],"wp:term":[{"taxonomy":"product_brand","embeddable":true,"href":"https:\/\/www.veneciacr.com\/index.php\/wp-json\/wp\/v2\/product_brand?post=6453"},{"taxonomy":"product_cat","embeddable":true,"href":"https:\/\/www.veneciacr.com\/index.php\/wp-json\/wp\/v2\/product_cat?post=6453"},{"taxonomy":"product_tag","embeddable":true,"href":"https:\/\/www.veneciacr.com\/index.php\/wp-json\/wp\/v2\/product_tag?post=6453"}],"curies":[{"name":"wp","href":"https:\/\/api.w.org\/{rel}","templated":true}]}}