{"id":6342,"date":"2026-04-21T03:27:40","date_gmt":"2026-04-21T09:27:40","guid":{"rendered":"http:\/\/34.83.78.142\/index.php\/product\/clavadora-neumatica-cal18-pro-clne-18-truper\/"},"modified":"2026-04-21T03:27:41","modified_gmt":"2026-04-21T09:27:41","slug":"clavadora-neumatica-cal18-pro-clne-18-truper","status":"publish","type":"product","link":"https:\/\/www.veneciacr.com\/index.php\/producto\/clavadora-neumatica-cal18-pro-clne-18-truper\/","title":{"rendered":"CLAVADORA NEUMATICA CAL18 PRO CLNE-18 TRUPER"},"content":{"rendered":"<p>Mango ergon\u00f3mico con grip para mayor comodidad del operador<br \/>\nV\u00e1lvula m\u00f3vil para direccionar la salida de aire que evita molestias al operador<br \/>\nSistema de liberaci\u00f3n de cambio r\u00e1pido para solucionar de forma f\u00e1cil el atasco<br \/>\nCarcasa de aluminio<br \/>\nDisparo al contacto<br \/>\nGAR-2<br \/>\n13180-01<br \/>\nV\u00e1lvula m\u00f3vil para direccionar la salida de aire<br \/>\n13180-02<br \/>\nLargo<\/p>\n<p>ESPECIFICACIONES<br \/>\nPresi\u00f3n de trabajo 75 &#8211; 110 PSI<br \/>\nConsumo nominal 3.3 CFM @ 90 PSI<br \/>\nEntrada de aire 1\/4 NPT<br \/>\n\u00d8 Interno de manguera 3\/8&#8243; (9.5 mm)<br \/>\nNivel de ruido 90 dB<br \/>\nCapacidad del cartucho 100 clavos<br \/>\nCiclo de trabajo Continuo (lubrique constantemente)<br \/>\nLongitud total 250 mm<br \/>\nPeso 1.5 kg<\/p>\n<p>APLICACIONES<br \/>\nPara uso en muebler\u00eda y carpinter\u00eda en general<\/p>\n<p>CUIDADOS<br \/>\nUse aceite en forma continua y dosificada para lubricar la herramienta.<\/p>\n","protected":false},"excerpt":{"rendered":"<p>Mango ergon\u00f3mico con grip para mayor comodidad del operador V\u00e1lvula m\u00f3vil para direccionar la salida de aire que evita molestias<\/p>\n","protected":false},"featured_media":78088,"comment_status":"closed","ping_status":"open","template":"","meta":[],"product_brand":[],"product_cat":[15],"product_tag":[],"class_list":{"0":"post-6342","1":"product","2":"type-product","3":"status-publish","4":"has-post-thumbnail","6":"product_cat-uncategorized","8":"first","9":"instock","10":"purchasable","11":"product-type-simple"},"jetpack_sharing_enabled":true,"_links":{"self":[{"href":"https:\/\/www.veneciacr.com\/index.php\/wp-json\/wp\/v2\/product\/6342","targetHints":{"allow":["GET"]}}],"collection":[{"href":"https:\/\/www.veneciacr.com\/index.php\/wp-json\/wp\/v2\/product"}],"about":[{"href":"https:\/\/www.veneciacr.com\/index.php\/wp-json\/wp\/v2\/types\/product"}],"replies":[{"embeddable":true,"href":"https:\/\/www.veneciacr.com\/index.php\/wp-json\/wp\/v2\/comments?post=6342"}],"wp:featuredmedia":[{"embeddable":true,"href":"https:\/\/www.veneciacr.com\/index.php\/wp-json\/wp\/v2\/media\/78088"}],"wp:attachment":[{"href":"https:\/\/www.veneciacr.com\/index.php\/wp-json\/wp\/v2\/media?parent=6342"}],"wp:term":[{"taxonomy":"product_brand","embeddable":true,"href":"https:\/\/www.veneciacr.com\/index.php\/wp-json\/wp\/v2\/product_brand?post=6342"},{"taxonomy":"product_cat","embeddable":true,"href":"https:\/\/www.veneciacr.com\/index.php\/wp-json\/wp\/v2\/product_cat?post=6342"},{"taxonomy":"product_tag","embeddable":true,"href":"https:\/\/www.veneciacr.com\/index.php\/wp-json\/wp\/v2\/product_tag?post=6342"}],"curies":[{"name":"wp","href":"https:\/\/api.w.org\/{rel}","templated":true}]}}