{"id":6313,"date":"2026-04-21T03:34:08","date_gmt":"2026-04-21T09:34:08","guid":{"rendered":"http:\/\/34.83.78.142\/index.php\/product\/esmeril-recto-1-4-ind-600w-esre-1-4n-truper\/"},"modified":"2026-04-21T03:34:11","modified_gmt":"2026-04-21T09:34:11","slug":"esmeril-recto-1-4-ind-600w-esre-1-4n-truper","status":"publish","type":"product","link":"https:\/\/www.veneciacr.com\/index.php\/producto\/esmeril-recto-1-4-ind-600w-esre-1-4n-truper\/","title":{"rendered":"ESMERIL RECTO 1\/4 IND 600W ESRE-1\/4N TRUPER"},"content":{"rendered":"<p>Regulador con 6 niveles de 11,300 &#8211; 28 000 rpm para distintas aplicaciones.<br \/>\nDise\u00f1o compacto y ergon\u00f3mico.<br \/>\nCabezal de dise\u00f1o justo para lugares reducidos.<br \/>\nCabezal fabricado en aluminio con recubrimiento pl\u00e1stico para su protecci\u00f3n.<br \/>\nCuenta con cable para uso rudo<\/p>\n<p>NORMA<br \/>\nCumple la norma NOM-003-SCFI<\/p>\n<p>ESPECIFICACIONES<br \/>\nPotencia : 600 W<br \/>\nTensi\u00f3n: 127 V<br \/>\nFrecuencia: 60 Hz<br \/>\nConsumo: 4.7 A<br \/>\nVelocidad: 6 Niveles<br \/>\nVelocidad variable: 11,300 &#8211; 30,000 rpm<br \/>\nCapacidad de mordaza: 1\/4&#8243; (6 mm)<br \/>\nConductores: 18 AWG x 2C con temperatura de aislamiento de 105\u00b0C<br \/>\nAislamiento: Clase II<br \/>\nGrado IP: IP20<br \/>\nCiclo de trabajo: 50 minutos de trabajo por 20 minutos de descanso<br \/>\nM\u00e1ximo diario: 6 Horas<br \/>\nPeso: 1.7 kg<br \/>\nEmpaque individual: Caja<br \/>\n2 llaves.<\/p>\n<p>Aplicaciones<br \/>\nDe uso industrial.<br \/>\nIdeal para esmerilar y lijar en lugares escondidos.<br \/>\nPara esmerilar metal, ladrillos, azulejos, piedra y\/o piezas de cer\u00e1mica sin necesidad de utilizar agua.<br \/>\nPara quitar las rebabas de las superficies de metal, para nivelar y alisar soldaduras.<br \/>\nPara un mejor resultado sostenga la herramienta de 0\u00b0 a 30\u00b0 con respecto a la pieza de trabajo.<br \/>\nIdeal para utilizar ruedas flap y piedras montadas.<\/p>\n<p>CUIDADOS<br \/>\nPara evitar que se sobrecaliente el motor, debe limpiar las ranuras de ventilaci\u00f3n de manera regular.<br \/>\nAlmacene la herramienta ordenadamente en un lugar seco y protegida de polvo y agua.<br \/>\nPara su limpieza nunca utilice agua u otros l\u00edquidos, solamente utilice un cepillo.<\/p>\n","protected":false},"excerpt":{"rendered":"<p>Regulador con 6 niveles de 11,300 &#8211; 28 000 rpm para distintas aplicaciones. Dise\u00f1o compacto y ergon\u00f3mico. Cabezal de dise\u00f1o<\/p>\n","protected":false},"featured_media":78074,"comment_status":"closed","ping_status":"open","template":"","meta":[],"product_brand":[],"product_cat":[23,87],"product_tag":[],"class_list":{"0":"post-6313","1":"product","2":"type-product","3":"status-publish","4":"has-post-thumbnail","6":"product_cat-herramientas","7":"product_cat-herramientas-electricas","9":"first","10":"instock","11":"purchasable","12":"product-type-simple"},"jetpack_sharing_enabled":true,"_links":{"self":[{"href":"https:\/\/www.veneciacr.com\/index.php\/wp-json\/wp\/v2\/product\/6313","targetHints":{"allow":["GET"]}}],"collection":[{"href":"https:\/\/www.veneciacr.com\/index.php\/wp-json\/wp\/v2\/product"}],"about":[{"href":"https:\/\/www.veneciacr.com\/index.php\/wp-json\/wp\/v2\/types\/product"}],"replies":[{"embeddable":true,"href":"https:\/\/www.veneciacr.com\/index.php\/wp-json\/wp\/v2\/comments?post=6313"}],"wp:featuredmedia":[{"embeddable":true,"href":"https:\/\/www.veneciacr.com\/index.php\/wp-json\/wp\/v2\/media\/78074"}],"wp:attachment":[{"href":"https:\/\/www.veneciacr.com\/index.php\/wp-json\/wp\/v2\/media?parent=6313"}],"wp:term":[{"taxonomy":"product_brand","embeddable":true,"href":"https:\/\/www.veneciacr.com\/index.php\/wp-json\/wp\/v2\/product_brand?post=6313"},{"taxonomy":"product_cat","embeddable":true,"href":"https:\/\/www.veneciacr.com\/index.php\/wp-json\/wp\/v2\/product_cat?post=6313"},{"taxonomy":"product_tag","embeddable":true,"href":"https:\/\/www.veneciacr.com\/index.php\/wp-json\/wp\/v2\/product_tag?post=6313"}],"curies":[{"name":"wp","href":"https:\/\/api.w.org\/{rel}","templated":true}]}}