{"id":6301,"date":"2026-04-28T02:02:57","date_gmt":"2026-04-28T08:02:57","guid":{"rendered":"http:\/\/34.83.78.142\/index.php\/product\/candado-combinacion-maletero-36mm-cma-4c-hermex\/"},"modified":"2026-04-28T02:02:57","modified_gmt":"2026-04-28T08:02:57","slug":"candado-combinacion-maletero-36mm-cma-4c-hermex","status":"publish","type":"product","link":"https:\/\/www.veneciacr.com\/index.php\/producto\/candado-combinacion-maletero-36mm-cma-4c-hermex\/","title":{"rendered":"CANDADO COMBINACION MALETERO 36MM CMA-4C HERMEX"},"content":{"rendered":"<p>Cuerpo y gancho met\u00e1lico<\/p>\n<p>Combinaci\u00f3n personalizable de 3 d\u00edgitos<\/p>\n<p>Mecanismo interno resistente a la corrosi\u00f3n<\/p>\n","protected":false},"excerpt":{"rendered":"<p>Cuerpo y gancho met\u00e1lico Combinaci\u00f3n personalizable de 3 d\u00edgitos Mecanismo interno resistente a la corrosi\u00f3n<\/p>\n","protected":false},"featured_media":78068,"comment_status":"closed","ping_status":"open","template":"","meta":[],"product_brand":[],"product_cat":[170,19],"product_tag":[],"class_list":{"0":"post-6301","1":"product","2":"type-product","3":"status-publish","4":"has-post-thumbnail","6":"product_cat-candados","7":"product_cat-ferreteria","9":"first","10":"instock","11":"purchasable","12":"product-type-simple"},"jetpack_sharing_enabled":true,"_links":{"self":[{"href":"https:\/\/www.veneciacr.com\/index.php\/wp-json\/wp\/v2\/product\/6301","targetHints":{"allow":["GET"]}}],"collection":[{"href":"https:\/\/www.veneciacr.com\/index.php\/wp-json\/wp\/v2\/product"}],"about":[{"href":"https:\/\/www.veneciacr.com\/index.php\/wp-json\/wp\/v2\/types\/product"}],"replies":[{"embeddable":true,"href":"https:\/\/www.veneciacr.com\/index.php\/wp-json\/wp\/v2\/comments?post=6301"}],"wp:featuredmedia":[{"embeddable":true,"href":"https:\/\/www.veneciacr.com\/index.php\/wp-json\/wp\/v2\/media\/78068"}],"wp:attachment":[{"href":"https:\/\/www.veneciacr.com\/index.php\/wp-json\/wp\/v2\/media?parent=6301"}],"wp:term":[{"taxonomy":"product_brand","embeddable":true,"href":"https:\/\/www.veneciacr.com\/index.php\/wp-json\/wp\/v2\/product_brand?post=6301"},{"taxonomy":"product_cat","embeddable":true,"href":"https:\/\/www.veneciacr.com\/index.php\/wp-json\/wp\/v2\/product_cat?post=6301"},{"taxonomy":"product_tag","embeddable":true,"href":"https:\/\/www.veneciacr.com\/index.php\/wp-json\/wp\/v2\/product_tag?post=6301"}],"curies":[{"name":"wp","href":"https:\/\/api.w.org\/{rel}","templated":true}]}}