{"id":6207,"date":"2026-04-30T02:03:06","date_gmt":"2026-04-30T08:03:06","guid":{"rendered":"http:\/\/34.83.78.142\/index.php\/product\/soldadura-resina-3mm-50-50-1lb-sol-50-50-truper\/"},"modified":"2026-04-30T02:03:07","modified_gmt":"2026-04-30T08:03:07","slug":"soldadura-resina-3mm-50-50-1lb-sol-50-50-truper","status":"publish","type":"product","link":"https:\/\/www.veneciacr.com\/index.php\/producto\/soldadura-resina-3mm-50-50-1lb-sol-50-50-truper\/","title":{"rendered":"SOLDADURA RESINA 3MM 50\/50 1LB SOL-50\/50 TRUPER"},"content":{"rendered":"<p>Compuesta 50% de esta\u00f1o y 50% de plomo<br \/>\nSuelda m\u00e1s r\u00e1pido y se adhiere mejor<br \/>\nNo deja residuos y no oxida la superficie<br \/>\nResistencia a alta presi\u00f3n y temperatura<br \/>\nPara tuber\u00edas de cobre y hojas de metal<br \/>\nIdeal para trabajos de tuber\u00eda hidr\u00e1ulica y plomer\u00eda en general<br \/>\nN\u00daCLEO DE RESINA NO REQUIERE PASTA<\/p>\n<p>ESPECIFICACIONES<br \/>\nLongitud: 9 m<br \/>\nDi\u00e1metro: 3 mm<br \/>\nPunto de fusi\u00f3n: 216 \u00b0C<br \/>\nPeso: 450 g<br \/>\nEmpaque individual: Carrete con etiqueta<\/p>\n","protected":false},"excerpt":{"rendered":"<p>Compuesta 50% de esta\u00f1o y 50% de plomo Suelda m\u00e1s r\u00e1pido y se adhiere mejor No deja residuos y no<\/p>\n","protected":false},"featured_media":78013,"comment_status":"closed","ping_status":"open","template":"","meta":[],"product_brand":[],"product_cat":[23,89],"product_tag":[],"class_list":{"0":"post-6207","1":"product","2":"type-product","3":"status-publish","4":"has-post-thumbnail","6":"product_cat-herramientas","7":"product_cat-soldadura-y-accesorios","9":"first","10":"instock","11":"purchasable","12":"product-type-simple"},"jetpack_sharing_enabled":true,"_links":{"self":[{"href":"https:\/\/www.veneciacr.com\/index.php\/wp-json\/wp\/v2\/product\/6207","targetHints":{"allow":["GET"]}}],"collection":[{"href":"https:\/\/www.veneciacr.com\/index.php\/wp-json\/wp\/v2\/product"}],"about":[{"href":"https:\/\/www.veneciacr.com\/index.php\/wp-json\/wp\/v2\/types\/product"}],"replies":[{"embeddable":true,"href":"https:\/\/www.veneciacr.com\/index.php\/wp-json\/wp\/v2\/comments?post=6207"}],"wp:featuredmedia":[{"embeddable":true,"href":"https:\/\/www.veneciacr.com\/index.php\/wp-json\/wp\/v2\/media\/78013"}],"wp:attachment":[{"href":"https:\/\/www.veneciacr.com\/index.php\/wp-json\/wp\/v2\/media?parent=6207"}],"wp:term":[{"taxonomy":"product_brand","embeddable":true,"href":"https:\/\/www.veneciacr.com\/index.php\/wp-json\/wp\/v2\/product_brand?post=6207"},{"taxonomy":"product_cat","embeddable":true,"href":"https:\/\/www.veneciacr.com\/index.php\/wp-json\/wp\/v2\/product_cat?post=6207"},{"taxonomy":"product_tag","embeddable":true,"href":"https:\/\/www.veneciacr.com\/index.php\/wp-json\/wp\/v2\/product_tag?post=6207"}],"curies":[{"name":"wp","href":"https:\/\/api.w.org\/{rel}","templated":true}]}}