{"id":6097,"date":"2026-04-28T02:03:12","date_gmt":"2026-04-28T08:03:12","guid":{"rendered":"http:\/\/34.83.78.142\/index.php\/product\/destornillador-ph0-2-1-2-dp-1-8x2-1-2b-truper\/"},"modified":"2026-04-28T02:03:13","modified_gmt":"2026-04-28T08:03:13","slug":"destornillador-ph0-2-1-2-dp-1-8x2-1-2b-truper","status":"publish","type":"product","link":"https:\/\/www.veneciacr.com\/index.php\/producto\/destornillador-ph0-2-1-2-dp-1-8x2-1-2b-truper\/","title":{"rendered":"DESTORNILLADOR PH0 2 1\/2&#8243; DP-1\/8X2-1\/2B TRUPER"},"content":{"rendered":"<p>Barra hexagonal de acero al cromo vanadio, 2X m\u00e1s resistente al desgaste que las de acero al carbono<br \/>\nMango comfort grip con orificio para colgar<br \/>\nMarcado y c\u00f3digo de color para f\u00e1cil identificaci\u00f3n de medida y punta<br \/>\nHex\u00e1gono en la barra que maximiza el torque con llave. Excepto (DP-1\/8X2-1\/2B, DP-1\/8X4B, DP-1\/8X6B y DP-1\/4X1-1\/2B)<br \/>\n14146-01<br \/>\nPunta de cruz<br \/>\n14055-03<br \/>\nMarcado y c\u00f3digo de color<\/p>\n<p>Especificaciones<br \/>\nGenerales<br \/>\nEmpaque individual Tarjeta pl\u00e1stica<\/p>\n","protected":false},"excerpt":{"rendered":"<p>Barra hexagonal de acero al cromo vanadio, 2X m\u00e1s resistente al desgaste que las de acero al carbono Mango comfort<\/p>\n","protected":false},"featured_media":77947,"comment_status":"closed","ping_status":"open","template":"","meta":[],"product_brand":[],"product_cat":[23,24],"product_tag":[],"class_list":{"0":"post-6097","1":"product","2":"type-product","3":"status-publish","4":"has-post-thumbnail","6":"product_cat-herramientas","7":"product_cat-herramientas-manuales","9":"first","10":"instock","11":"purchasable","12":"product-type-simple"},"jetpack_sharing_enabled":true,"_links":{"self":[{"href":"https:\/\/www.veneciacr.com\/index.php\/wp-json\/wp\/v2\/product\/6097","targetHints":{"allow":["GET"]}}],"collection":[{"href":"https:\/\/www.veneciacr.com\/index.php\/wp-json\/wp\/v2\/product"}],"about":[{"href":"https:\/\/www.veneciacr.com\/index.php\/wp-json\/wp\/v2\/types\/product"}],"replies":[{"embeddable":true,"href":"https:\/\/www.veneciacr.com\/index.php\/wp-json\/wp\/v2\/comments?post=6097"}],"wp:featuredmedia":[{"embeddable":true,"href":"https:\/\/www.veneciacr.com\/index.php\/wp-json\/wp\/v2\/media\/77947"}],"wp:attachment":[{"href":"https:\/\/www.veneciacr.com\/index.php\/wp-json\/wp\/v2\/media?parent=6097"}],"wp:term":[{"taxonomy":"product_brand","embeddable":true,"href":"https:\/\/www.veneciacr.com\/index.php\/wp-json\/wp\/v2\/product_brand?post=6097"},{"taxonomy":"product_cat","embeddable":true,"href":"https:\/\/www.veneciacr.com\/index.php\/wp-json\/wp\/v2\/product_cat?post=6097"},{"taxonomy":"product_tag","embeddable":true,"href":"https:\/\/www.veneciacr.com\/index.php\/wp-json\/wp\/v2\/product_tag?post=6097"}],"curies":[{"name":"wp","href":"https:\/\/api.w.org\/{rel}","templated":true}]}}