{"id":6085,"date":"2026-04-21T03:42:04","date_gmt":"2026-04-21T09:42:04","guid":{"rendered":"http:\/\/34.83.78.142\/index.php\/product\/inversor-de-corriente-1000w-inco-1000-truper\/"},"modified":"2026-04-21T03:42:05","modified_gmt":"2026-04-21T09:42:05","slug":"contra-pedido-inversor-corriente-1200w-inco-1000-truper","status":"publish","type":"product","link":"https:\/\/www.veneciacr.com\/index.php\/producto\/contra-pedido-inversor-corriente-1200w-inco-1000-truper\/","title":{"rendered":"CONTRA PEDIDO INVERSOR CORRIENTE 1200W INCO-1000 TRUPER"},"content":{"rendered":"<p>ESPECIFICACIONES<br \/>\nPotencia de salida 1,000 W<br \/>\nTensi\u00f3n de salida 120 V<br \/>\nFrecuencia de salida 60 Hz<br \/>\nTensi\u00f3n de entrada 12 V<br \/>\nCorriente de entrada 94 A<br \/>\nPuerto USB 5 V \/ 500 mA<br \/>\nForma de onda de salida Senoidal modificada<br \/>\nFusible 25 A x 6<br \/>\nLongitud 24 cm<br \/>\nAncho 15.3 cm<br \/>\nLongitud de cable de la bater\u00eda 90 cm<br \/>\nPeso 1.5 kg<br \/>\nEmpaque Caja<\/p>\n<p>Incluye:<br \/>\nCables de alimentaci\u00f3n para conectar a la bater\u00eda del auto<\/p>\n<p>CARACTER\u00cdSTICAS<br \/>\nCuerpo fabricado en pl\u00e1stico ABS<br \/>\nDisplay digital que indica tensi\u00f3n de alimentaci\u00f3n C.D., potencia de salida y c\u00f3digo de error<br \/>\n2 Conexiones de salida, puerto USB y entrada para control remoto (no incluido)<br \/>\nApagado autom\u00e1tico por bater\u00eda baja o picos de voltaje, corto circuito o falla el\u00e9ctrica<\/p>\n<p>USOS<br \/>\nConvierte la corriente del veh\u00edculo de 12 V C.D. a 120 V C.A.<br \/>\nAlimenta y recarga celulares, videoc\u00e1maras, computadoras port\u00e1tiles, equipo electr\u00f3nico, etc\u00e9tera<\/p>\n","protected":false},"excerpt":{"rendered":"<p>ESPECIFICACIONES Potencia de salida 1,000 W Tensi\u00f3n de salida 120 V Frecuencia de salida 60 Hz Tensi\u00f3n de entrada 12<\/p>\n","protected":false},"featured_media":77931,"comment_status":"closed","ping_status":"open","template":"","meta":[],"product_brand":[],"product_cat":[15],"product_tag":[],"class_list":{"0":"post-6085","1":"product","2":"type-product","3":"status-publish","4":"has-post-thumbnail","6":"product_cat-uncategorized","8":"first","9":"instock","10":"purchasable","11":"product-type-simple"},"jetpack_sharing_enabled":true,"_links":{"self":[{"href":"https:\/\/www.veneciacr.com\/index.php\/wp-json\/wp\/v2\/product\/6085","targetHints":{"allow":["GET"]}}],"collection":[{"href":"https:\/\/www.veneciacr.com\/index.php\/wp-json\/wp\/v2\/product"}],"about":[{"href":"https:\/\/www.veneciacr.com\/index.php\/wp-json\/wp\/v2\/types\/product"}],"replies":[{"embeddable":true,"href":"https:\/\/www.veneciacr.com\/index.php\/wp-json\/wp\/v2\/comments?post=6085"}],"wp:featuredmedia":[{"embeddable":true,"href":"https:\/\/www.veneciacr.com\/index.php\/wp-json\/wp\/v2\/media\/77931"}],"wp:attachment":[{"href":"https:\/\/www.veneciacr.com\/index.php\/wp-json\/wp\/v2\/media?parent=6085"}],"wp:term":[{"taxonomy":"product_brand","embeddable":true,"href":"https:\/\/www.veneciacr.com\/index.php\/wp-json\/wp\/v2\/product_brand?post=6085"},{"taxonomy":"product_cat","embeddable":true,"href":"https:\/\/www.veneciacr.com\/index.php\/wp-json\/wp\/v2\/product_cat?post=6085"},{"taxonomy":"product_tag","embeddable":true,"href":"https:\/\/www.veneciacr.com\/index.php\/wp-json\/wp\/v2\/product_tag?post=6085"}],"curies":[{"name":"wp","href":"https:\/\/api.w.org\/{rel}","templated":true}]}}