{"id":6053,"date":"2026-04-21T03:42:23","date_gmt":"2026-04-21T09:42:23","guid":{"rendered":"http:\/\/34.83.78.142\/index.php\/product\/sellante-form-a-gasket-1-30512-loctite-234887\/"},"modified":"2026-04-21T03:42:26","modified_gmt":"2026-04-21T09:42:26","slug":"sellador-form-a-gasket-1-7oz-30512-loctite","status":"publish","type":"product","link":"https:\/\/www.veneciacr.com\/index.php\/producto\/sellador-form-a-gasket-1-7oz-30512-loctite\/","title":{"rendered":"SELLADOR FORM A GASKET #1 7OZ 30512 LOCTITE"},"content":{"rendered":"<p class=\"x-newline\">El sellador de juntas Loctite marr\u00f3n rojizo 1 es compatible con materiales met\u00e1licos y cura en 24 horas. Las temperaturas m\u00ednimas y m\u00e1ximas de funcionamiento son de -65 \u00b0F a +400 \u00b0F. Se presenta en un tubo de 7 onzas l\u00edquidas (200 ml). Este sellador de juntas se presenta en envases de 7 onzas l\u00edquidas por unidad interior, con 12 unidades por caja. El n\u00famero IDH de este art\u00edculo es 234887.<\/p>\n<div class=\"product__overflow d-none d-lg-block\">\n<h3 class=\"fs-5 mt-4 mb-3\">Especificaciones del producto<\/h3>\n<ul class=\"product__specs p-0 mb-4 fs-7 fw-bold\">\n<li class=\"row mb-2\">\n<div class=\"col-6\">Marca:<\/div>\n<div class=\"col-6\">Loctite<\/div>\n<\/li>\n<li class=\"row mb-2\">\n<div class=\"col-6\">Serie:<\/div>\n<div class=\"col-6\">1<\/div>\n<\/li>\n<li class=\"row mb-2\">\n<div class=\"col-6\"><span class=\"attribute-info text-decoration-underline x-moreinfo\" data-attribute-uri=\"a:Chemical-Base-e4dbd3\" data-attribute-name=\"Chemical Base\">Base qu\u00edmica:<\/span><\/div>\n<div class=\"col-6\">A base de disolventes<\/div>\n<\/li>\n<li class=\"row mb-2\">\n<div class=\"col-6\">Temperatura m\u00e1xima de funcionamiento:<\/div>\n<div class=\"col-6\">+400 \u00b0F<\/div>\n<\/li>\n<li class=\"row mb-2\">\n<div class=\"col-6\"><span class=\"attribute-info text-decoration-underline x-moreinfo\" data-attribute-uri=\"a:Cure-Time-a403fa\" data-attribute-name=\"Cure Time\">Tiempo de curado:<\/span><\/div>\n<div class=\"col-6\">24 horas<\/div>\n<\/li>\n<li class=\"row mb-2\">\n<div class=\"col-6\"><span class=\"attribute-info text-decoration-underline x-moreinfo\" data-attribute-uri=\"a:Material-Compatibility-8cd935\" data-attribute-name=\"Material Compatibility\">Compatibilidad de materiales:<\/span><\/div>\n<div class=\"col-6\">Metal<\/div>\n<\/li>\n<li class=\"row mb-2\">\n<div class=\"col-6\">Forma del producto:<\/div>\n<div class=\"col-6\">Pasta<\/div>\n<\/li>\n<li class=\"row mb-2\">\n<div class=\"col-6\">Tipo de paquete:<\/div>\n<div class=\"col-6\">Tubo<\/div>\n<\/li>\n<li class=\"row mb-2\">\n<div class=\"col-6\">Tama\u00f1o del paquete:<\/div>\n<div class=\"col-6\">7 onzas l\u00edquidas<\/div>\n<\/li>\n<li class=\"row mb-2\">\n<div class=\"col-6\">Temperatura m\u00ednima de funcionamiento:<\/div>\n<div class=\"col-6\">-65 \u00b0F<\/div>\n<\/li>\n<li class=\"row mb-2\">\n<div class=\"col-6\">Color:<\/div>\n<div class=\"col-6\">Marr\u00f3n rojizo<\/div>\n<\/li>\n<li class=\"row mb-2\">\n<div class=\"col-6\"><span class=\"attribute-info text-decoration-underline x-moreinfo\" data-attribute-uri=\"a:Viscosity-Measurement-10dffe\" data-attribute-name=\"Viscosity Measurement\">Medici\u00f3n de viscosidad:<\/span><\/div>\n<div class=\"col-6\">75000 a 110000 cPs<\/div>\n<\/li>\n<li class=\"row mb-2\">\n<div class=\"col-6\">Condici\u00f3n de almacenamiento:<\/div>\n<div class=\"col-6\">Conservar entre 46 \u00b0F y 82 \u00b0F<\/div>\n<\/li>\n<li class=\"row mb-2\">\n<div class=\"col-6\">Duraci\u00f3n:<\/div>\n<div class=\"col-6\">1460 d\u00edas<\/div>\n<\/li>\n<li class=\"row mb-2\">\n<div class=\"col-6\">Cantidad del paquete:<\/div>\n<div class=\"col-6\">7 onzas l\u00edquidas por envase interior, 12 por caja<\/div>\n<\/li>\n<li class=\"row mb-2\">\n<div class=\"col-6\">Cantidad de cajas:<\/div>\n<div class=\"col-6\">12 por caja<\/div>\n<\/li>\n<li class=\"row mb-2\">\n<div class=\"col-6\">Cantidad interior:<\/div>\n<div class=\"col-6\">7 onzas l\u00edquidas por envase interior<\/div>\n<\/li>\n<li class=\"row mb-2\">\n<div class=\"col-6\">N\u00famero IDH:<\/div>\n<div class=\"col-6\">234887<\/div>\n<\/li>\n<\/ul>\n<\/div>\n","protected":false},"excerpt":{"rendered":"<p>El sellador de juntas Loctite marr\u00f3n rojizo 1 es compatible con materiales met\u00e1licos y cura en 24 horas. Las temperaturas<\/p>\n","protected":false},"featured_media":97764,"comment_status":"closed","ping_status":"open","template":"","meta":[],"product_brand":[],"product_cat":[15],"product_tag":[],"class_list":{"0":"post-6053","1":"product","2":"type-product","3":"status-publish","4":"has-post-thumbnail","6":"product_cat-uncategorized","8":"first","9":"instock","10":"purchasable","11":"product-type-simple"},"jetpack_sharing_enabled":true,"_links":{"self":[{"href":"https:\/\/www.veneciacr.com\/index.php\/wp-json\/wp\/v2\/product\/6053","targetHints":{"allow":["GET"]}}],"collection":[{"href":"https:\/\/www.veneciacr.com\/index.php\/wp-json\/wp\/v2\/product"}],"about":[{"href":"https:\/\/www.veneciacr.com\/index.php\/wp-json\/wp\/v2\/types\/product"}],"replies":[{"embeddable":true,"href":"https:\/\/www.veneciacr.com\/index.php\/wp-json\/wp\/v2\/comments?post=6053"}],"wp:featuredmedia":[{"embeddable":true,"href":"https:\/\/www.veneciacr.com\/index.php\/wp-json\/wp\/v2\/media\/97764"}],"wp:attachment":[{"href":"https:\/\/www.veneciacr.com\/index.php\/wp-json\/wp\/v2\/media?parent=6053"}],"wp:term":[{"taxonomy":"product_brand","embeddable":true,"href":"https:\/\/www.veneciacr.com\/index.php\/wp-json\/wp\/v2\/product_brand?post=6053"},{"taxonomy":"product_cat","embeddable":true,"href":"https:\/\/www.veneciacr.com\/index.php\/wp-json\/wp\/v2\/product_cat?post=6053"},{"taxonomy":"product_tag","embeddable":true,"href":"https:\/\/www.veneciacr.com\/index.php\/wp-json\/wp\/v2\/product_tag?post=6053"}],"curies":[{"name":"wp","href":"https:\/\/api.w.org\/{rel}","templated":true}]}}