{"id":6029,"date":"2026-04-21T03:42:39","date_gmt":"2026-04-21T09:42:39","guid":{"rendered":"http:\/\/34.83.78.142\/index.php\/product\/soplete-p-lata-de-gas-1-4-vuelta-mech-90-truper\/"},"modified":"2026-04-21T03:42:40","modified_gmt":"2026-04-21T09:42:40","slug":"soplete-lata-gas-1-4-vuelta-mech-90-truper","status":"publish","type":"product","link":"https:\/\/www.veneciacr.com\/index.php\/producto\/soplete-lata-gas-1-4-vuelta-mech-90-truper\/","title":{"rendered":"SOPLETE LATA GAS 1\/4 VUELTA MECH-90 TRUPER"},"content":{"rendered":"<p>Mechero para lata de gas, 1\/4 de vuelta<\/p>\n<p>\u2022 Fabricada en lat\u00f3n<br \/>\n\u2022 Ajuste preciso de flama<br \/>\n\u2022 Encendido manual<br \/>\n\u2022 Difusor de calor para direccionar la flama y calentar<br \/>\nm\u00e1s r\u00e1pido el \u00e1rea de trabajo<br \/>\n\u2022 V\u00e1lvula 1\/4 de vuelta<br \/>\n1\/4 de vuelta<\/p>\n<p>Usos<br \/>\n\u2022 Para uso dom\u00e9stico y manualidades<\/p>\n<p>Especificaciones<br \/>\nLargo 120 mm<br \/>\nAltura 41 mm<br \/>\nDi\u00e1metro del soplete 22.8 mm<br \/>\nPeso 190 g<\/p>\n<p>Incluye<br \/>\nBoquilla de repuesto<\/p>\n","protected":false},"excerpt":{"rendered":"<p>Mechero para lata de gas, 1\/4 de vuelta \u2022 Fabricada en lat\u00f3n \u2022 Ajuste preciso de flama \u2022 Encendido manual<\/p>\n","protected":false},"featured_media":77883,"comment_status":"closed","ping_status":"open","template":"","meta":[],"product_brand":[],"product_cat":[15],"product_tag":[],"class_list":{"0":"post-6029","1":"product","2":"type-product","3":"status-publish","4":"has-post-thumbnail","6":"product_cat-uncategorized","8":"first","9":"instock","10":"purchasable","11":"product-type-simple"},"jetpack_sharing_enabled":true,"_links":{"self":[{"href":"https:\/\/www.veneciacr.com\/index.php\/wp-json\/wp\/v2\/product\/6029","targetHints":{"allow":["GET"]}}],"collection":[{"href":"https:\/\/www.veneciacr.com\/index.php\/wp-json\/wp\/v2\/product"}],"about":[{"href":"https:\/\/www.veneciacr.com\/index.php\/wp-json\/wp\/v2\/types\/product"}],"replies":[{"embeddable":true,"href":"https:\/\/www.veneciacr.com\/index.php\/wp-json\/wp\/v2\/comments?post=6029"}],"wp:featuredmedia":[{"embeddable":true,"href":"https:\/\/www.veneciacr.com\/index.php\/wp-json\/wp\/v2\/media\/77883"}],"wp:attachment":[{"href":"https:\/\/www.veneciacr.com\/index.php\/wp-json\/wp\/v2\/media?parent=6029"}],"wp:term":[{"taxonomy":"product_brand","embeddable":true,"href":"https:\/\/www.veneciacr.com\/index.php\/wp-json\/wp\/v2\/product_brand?post=6029"},{"taxonomy":"product_cat","embeddable":true,"href":"https:\/\/www.veneciacr.com\/index.php\/wp-json\/wp\/v2\/product_cat?post=6029"},{"taxonomy":"product_tag","embeddable":true,"href":"https:\/\/www.veneciacr.com\/index.php\/wp-json\/wp\/v2\/product_tag?post=6029"}],"curies":[{"name":"wp","href":"https:\/\/api.w.org\/{rel}","templated":true}]}}