{"id":6022,"date":"2026-05-01T02:02:07","date_gmt":"2026-05-01T08:02:07","guid":{"rendered":"http:\/\/34.83.78.142\/index.php\/product\/trifulcador-con-patillas-pol-mul-310-truper\/"},"modified":"2026-05-01T02:02:08","modified_gmt":"2026-05-01T08:02:08","slug":"trifulcador-con-patillas-pol-mul-310-truper","status":"publish","type":"product","link":"https:\/\/www.veneciacr.com\/index.php\/producto\/trifulcador-con-patillas-pol-mul-310-truper\/","title":{"rendered":"TRIFULCADOR CON PATILLAS POL MUL-310 TRUPER"},"content":{"rendered":"<p>Color Marfil<br \/>\nVoltaje 125 V<br \/>\nCorriente m\u00e1xima 15 A<br \/>\nFrecuencia 60 Hz<br \/>\nLongitud 41.5 mm<br \/>\nAncho 41.5 mm<br \/>\nAlto 33 mm<br \/>\nPeso 40 g<br \/>\nEmpaque Blister<\/p>\n<p>CARACTER\u00cdSTICAS<br \/>\nCuerpo fabricado en ABS<br \/>\nAterrizado<\/p>\n<p>USOS<br \/>\n\u00datil para herramientas el\u00e9ctricas, aparatos electrodom\u00e9sticos, etc\u00e9tera, que tengan clavija polarizada<br \/>\nUso en interiores<\/p>\n","protected":false},"excerpt":{"rendered":"<p>Color Marfil Voltaje 125 V Corriente m\u00e1xima 15 A Frecuencia 60 Hz Longitud 41.5 mm Ancho 41.5 mm Alto 33<\/p>\n","protected":false},"featured_media":77880,"comment_status":"closed","ping_status":"open","template":"","meta":[],"product_brand":[],"product_cat":[15],"product_tag":[],"class_list":{"0":"post-6022","1":"product","2":"type-product","3":"status-publish","4":"has-post-thumbnail","6":"product_cat-uncategorized","8":"first","9":"instock","10":"purchasable","11":"product-type-simple"},"jetpack_sharing_enabled":true,"_links":{"self":[{"href":"https:\/\/www.veneciacr.com\/index.php\/wp-json\/wp\/v2\/product\/6022","targetHints":{"allow":["GET"]}}],"collection":[{"href":"https:\/\/www.veneciacr.com\/index.php\/wp-json\/wp\/v2\/product"}],"about":[{"href":"https:\/\/www.veneciacr.com\/index.php\/wp-json\/wp\/v2\/types\/product"}],"replies":[{"embeddable":true,"href":"https:\/\/www.veneciacr.com\/index.php\/wp-json\/wp\/v2\/comments?post=6022"}],"wp:featuredmedia":[{"embeddable":true,"href":"https:\/\/www.veneciacr.com\/index.php\/wp-json\/wp\/v2\/media\/77880"}],"wp:attachment":[{"href":"https:\/\/www.veneciacr.com\/index.php\/wp-json\/wp\/v2\/media?parent=6022"}],"wp:term":[{"taxonomy":"product_brand","embeddable":true,"href":"https:\/\/www.veneciacr.com\/index.php\/wp-json\/wp\/v2\/product_brand?post=6022"},{"taxonomy":"product_cat","embeddable":true,"href":"https:\/\/www.veneciacr.com\/index.php\/wp-json\/wp\/v2\/product_cat?post=6022"},{"taxonomy":"product_tag","embeddable":true,"href":"https:\/\/www.veneciacr.com\/index.php\/wp-json\/wp\/v2\/product_tag?post=6022"}],"curies":[{"name":"wp","href":"https:\/\/api.w.org\/{rel}","templated":true}]}}