{"id":5982,"date":"2026-04-21T03:43:57","date_gmt":"2026-04-21T09:43:57","guid":{"rendered":"http:\/\/34.83.78.142\/index.php\/product\/barboquejo-c-barbilla-p-casco-barbo-b-truper\/"},"modified":"2026-04-21T03:43:57","modified_gmt":"2026-04-21T09:43:57","slug":"barboquejo-con-barbilla-casco-barbo-b-truper","status":"publish","type":"product","link":"https:\/\/www.veneciacr.com\/index.php\/producto\/barboquejo-con-barbilla-casco-barbo-b-truper\/","title":{"rendered":"BARBOQUEJO CON BARBILLA CASCO BARBO-B TRUPER"},"content":{"rendered":"<p>Hipoalerg\u00e9nico<\/p>\n<p>Compatible con cualquier tipo de casco con puntos de sujeci\u00f3n<\/p>\n<p>Cinta el\u00e1stica de 53 cm x 19 mm<\/p>\n<p>Permite una sujeci\u00f3n firme del casco<\/p>\n<p>Soporte de barbilla flexible con ventilaci\u00f3n para mayor comfort<\/p>\n","protected":false},"excerpt":{"rendered":"<p>Hipoalerg\u00e9nico Compatible con cualquier tipo de casco con puntos de sujeci\u00f3n Cinta el\u00e1stica de 53 cm x 19 mm Permite<\/p>\n","protected":false},"featured_media":77851,"comment_status":"closed","ping_status":"open","template":"","meta":[],"product_brand":[],"product_cat":[23,88],"product_tag":[],"class_list":{"0":"post-5982","1":"product","2":"type-product","3":"status-publish","4":"has-post-thumbnail","6":"product_cat-herramientas","7":"product_cat-proteccion-y-seguridad","9":"first","10":"instock","11":"purchasable","12":"product-type-simple"},"jetpack_sharing_enabled":true,"_links":{"self":[{"href":"https:\/\/www.veneciacr.com\/index.php\/wp-json\/wp\/v2\/product\/5982","targetHints":{"allow":["GET"]}}],"collection":[{"href":"https:\/\/www.veneciacr.com\/index.php\/wp-json\/wp\/v2\/product"}],"about":[{"href":"https:\/\/www.veneciacr.com\/index.php\/wp-json\/wp\/v2\/types\/product"}],"replies":[{"embeddable":true,"href":"https:\/\/www.veneciacr.com\/index.php\/wp-json\/wp\/v2\/comments?post=5982"}],"wp:featuredmedia":[{"embeddable":true,"href":"https:\/\/www.veneciacr.com\/index.php\/wp-json\/wp\/v2\/media\/77851"}],"wp:attachment":[{"href":"https:\/\/www.veneciacr.com\/index.php\/wp-json\/wp\/v2\/media?parent=5982"}],"wp:term":[{"taxonomy":"product_brand","embeddable":true,"href":"https:\/\/www.veneciacr.com\/index.php\/wp-json\/wp\/v2\/product_brand?post=5982"},{"taxonomy":"product_cat","embeddable":true,"href":"https:\/\/www.veneciacr.com\/index.php\/wp-json\/wp\/v2\/product_cat?post=5982"},{"taxonomy":"product_tag","embeddable":true,"href":"https:\/\/www.veneciacr.com\/index.php\/wp-json\/wp\/v2\/product_tag?post=5982"}],"curies":[{"name":"wp","href":"https:\/\/api.w.org\/{rel}","templated":true}]}}