{"id":5945,"date":"2026-04-21T03:46:49","date_gmt":"2026-04-21T09:46:49","guid":{"rendered":"http:\/\/34.83.78.142\/index.php\/product\/llave-ranas-16-plegable-thtrcw40231-total\/"},"modified":"2026-04-21T03:46:51","modified_gmt":"2026-04-21T09:46:51","slug":"llave-ranas-16-plegable-thtrcw40231-total","status":"publish","type":"product","link":"https:\/\/www.veneciacr.com\/index.php\/producto\/llave-ranas-16-plegable-thtrcw40231-total\/","title":{"rendered":"LLAVE RANAS 16&#8243; PLEGABLE THTRCW40231 TOTAL"},"content":{"rendered":"<p>LLAVE RANAS 16&#8243; PLEGABLE THTRCW40231 TOTAL<\/p>\n<p>Llave de rana cruz: longitud 40cm (16&#8243;)<br \/>\n1\/2&#8243; Nogal: 17 &#8211; 19 &#8211; 21 &#8211; 23 mm<br \/>\nMaterial: CR-V<br \/>\nDise\u00f1o ergon\u00f3mico que produce un 50 % menos de energ\u00eda y torsi\u00f3n<\/p>\n","protected":false},"excerpt":{"rendered":"<p>LLAVE RANAS 16&#8243; PLEGABLE THTRCW40231 TOTAL Llave de rana cruz: longitud 40cm (16&#8243;) 1\/2&#8243; Nogal: 17 &#8211; 19 &#8211; 21<\/p>\n","protected":false},"featured_media":97484,"comment_status":"closed","ping_status":"open","template":"","meta":[],"product_brand":[],"product_cat":[15],"product_tag":[],"class_list":{"0":"post-5945","1":"product","2":"type-product","3":"status-publish","4":"has-post-thumbnail","6":"product_cat-uncategorized","8":"first","9":"instock","10":"purchasable","11":"product-type-simple"},"jetpack_sharing_enabled":true,"_links":{"self":[{"href":"https:\/\/www.veneciacr.com\/index.php\/wp-json\/wp\/v2\/product\/5945","targetHints":{"allow":["GET"]}}],"collection":[{"href":"https:\/\/www.veneciacr.com\/index.php\/wp-json\/wp\/v2\/product"}],"about":[{"href":"https:\/\/www.veneciacr.com\/index.php\/wp-json\/wp\/v2\/types\/product"}],"replies":[{"embeddable":true,"href":"https:\/\/www.veneciacr.com\/index.php\/wp-json\/wp\/v2\/comments?post=5945"}],"wp:featuredmedia":[{"embeddable":true,"href":"https:\/\/www.veneciacr.com\/index.php\/wp-json\/wp\/v2\/media\/97484"}],"wp:attachment":[{"href":"https:\/\/www.veneciacr.com\/index.php\/wp-json\/wp\/v2\/media?parent=5945"}],"wp:term":[{"taxonomy":"product_brand","embeddable":true,"href":"https:\/\/www.veneciacr.com\/index.php\/wp-json\/wp\/v2\/product_brand?post=5945"},{"taxonomy":"product_cat","embeddable":true,"href":"https:\/\/www.veneciacr.com\/index.php\/wp-json\/wp\/v2\/product_cat?post=5945"},{"taxonomy":"product_tag","embeddable":true,"href":"https:\/\/www.veneciacr.com\/index.php\/wp-json\/wp\/v2\/product_tag?post=5945"}],"curies":[{"name":"wp","href":"https:\/\/api.w.org\/{rel}","templated":true}]}}