{"id":5925,"date":"2026-04-21T03:46:59","date_gmt":"2026-04-21T09:46:59","guid":{"rendered":"http:\/\/34.83.78.142\/index.php\/product\/cepillo-copa-de-acero-4-x-5-8-co-510-truper\/"},"modified":"2026-04-21T03:47:02","modified_gmt":"2026-04-21T09:47:02","slug":"cepillo-copa-acero-4-x-5-8-co-510-truper","status":"publish","type":"product","link":"https:\/\/www.veneciacr.com\/index.php\/producto\/cepillo-copa-acero-4-x-5-8-co-510-truper\/","title":{"rendered":"CEPILLO COPA ACERO 4 X 5\/8&#8243; CO-510 TRUPER"},"content":{"rendered":"<p>Di\u00e1metro 4&#8243; (101.6mm)<br \/>\nEspesor 19\/32&#8243; (15mm)<br \/>\nCalibre 0.35 mm<br \/>\nEntrada 5\/8-11<br \/>\nLargo del alambre 27 mm<br \/>\nM\u00e1xima velocidad 10,000 rpm<br \/>\nEmpaque Blister<\/p>\n<p>CARACTER\u00cdSTICAS<br \/>\nAlambre de acero al alto carbono<br \/>\nCerdas medianas<br \/>\nPara usarse con esmeriladoras<\/p>\n<p>USOS<br \/>\nPara preparaci\u00f3n y limpieza de superficies met\u00e1licas, limpieza de soldaduras, remoci\u00f3n de sarro, oxido, corrosi\u00f3n, etc\u00e9tera<\/p>\n","protected":false},"excerpt":{"rendered":"<p>Di\u00e1metro 4&#8243; (101.6mm) Espesor 19\/32&#8243; (15mm) Calibre 0.35 mm Entrada 5\/8-11 Largo del alambre 27 mm M\u00e1xima velocidad 10,000 rpm<\/p>\n","protected":false},"featured_media":77790,"comment_status":"closed","ping_status":"open","template":"","meta":[],"product_brand":[],"product_cat":[15],"product_tag":[],"class_list":{"0":"post-5925","1":"product","2":"type-product","3":"status-publish","4":"has-post-thumbnail","6":"product_cat-uncategorized","8":"first","9":"outofstock","10":"purchasable","11":"product-type-simple"},"jetpack_sharing_enabled":true,"_links":{"self":[{"href":"https:\/\/www.veneciacr.com\/index.php\/wp-json\/wp\/v2\/product\/5925","targetHints":{"allow":["GET"]}}],"collection":[{"href":"https:\/\/www.veneciacr.com\/index.php\/wp-json\/wp\/v2\/product"}],"about":[{"href":"https:\/\/www.veneciacr.com\/index.php\/wp-json\/wp\/v2\/types\/product"}],"replies":[{"embeddable":true,"href":"https:\/\/www.veneciacr.com\/index.php\/wp-json\/wp\/v2\/comments?post=5925"}],"wp:featuredmedia":[{"embeddable":true,"href":"https:\/\/www.veneciacr.com\/index.php\/wp-json\/wp\/v2\/media\/77790"}],"wp:attachment":[{"href":"https:\/\/www.veneciacr.com\/index.php\/wp-json\/wp\/v2\/media?parent=5925"}],"wp:term":[{"taxonomy":"product_brand","embeddable":true,"href":"https:\/\/www.veneciacr.com\/index.php\/wp-json\/wp\/v2\/product_brand?post=5925"},{"taxonomy":"product_cat","embeddable":true,"href":"https:\/\/www.veneciacr.com\/index.php\/wp-json\/wp\/v2\/product_cat?post=5925"},{"taxonomy":"product_tag","embeddable":true,"href":"https:\/\/www.veneciacr.com\/index.php\/wp-json\/wp\/v2\/product_tag?post=5925"}],"curies":[{"name":"wp","href":"https:\/\/api.w.org\/{rel}","templated":true}]}}