{"id":5876,"date":"2026-04-21T03:47:58","date_gmt":"2026-04-21T09:47:58","guid":{"rendered":"http:\/\/34.83.78.142\/index.php\/product\/desoldador-metalico-deso-8-truper\/"},"modified":"2026-04-21T03:48:00","modified_gmt":"2026-04-21T09:48:00","slug":"desoldador-metalico-deso-8-truper","status":"publish","type":"product","link":"https:\/\/www.veneciacr.com\/index.php\/producto\/desoldador-metalico-deso-8-truper\/","title":{"rendered":"DESOLDADOR METALICO DESO-8 TRUPER"},"content":{"rendered":"<p>Gran capacidad de succi\u00f3n y f\u00e1cil limpieza<br \/>\nCuerpo de pl\u00e1stico y aluminio<br \/>\nPunta antiadherente<br \/>\nIdeal para retirar soldadura de tarjetas de circuito impreso<\/p>\n<p>ESPECIFICACIONES<br \/>\nLargo: 19 cm<br \/>\nDi\u00e1metro: 2 cm<br \/>\nPeso: 44.4 g<br \/>\nEmpaque individual: Blister<\/p>\n","protected":false},"excerpt":{"rendered":"<p>Gran capacidad de succi\u00f3n y f\u00e1cil limpieza Cuerpo de pl\u00e1stico y aluminio Punta antiadherente Ideal para retirar soldadura de tarjetas<\/p>\n","protected":false},"featured_media":77738,"comment_status":"closed","ping_status":"open","template":"","meta":[],"product_brand":[],"product_cat":[15],"product_tag":[],"class_list":{"0":"post-5876","1":"product","2":"type-product","3":"status-publish","4":"has-post-thumbnail","6":"product_cat-uncategorized","8":"first","9":"instock","10":"purchasable","11":"product-type-simple"},"jetpack_sharing_enabled":true,"_links":{"self":[{"href":"https:\/\/www.veneciacr.com\/index.php\/wp-json\/wp\/v2\/product\/5876","targetHints":{"allow":["GET"]}}],"collection":[{"href":"https:\/\/www.veneciacr.com\/index.php\/wp-json\/wp\/v2\/product"}],"about":[{"href":"https:\/\/www.veneciacr.com\/index.php\/wp-json\/wp\/v2\/types\/product"}],"replies":[{"embeddable":true,"href":"https:\/\/www.veneciacr.com\/index.php\/wp-json\/wp\/v2\/comments?post=5876"}],"wp:featuredmedia":[{"embeddable":true,"href":"https:\/\/www.veneciacr.com\/index.php\/wp-json\/wp\/v2\/media\/77738"}],"wp:attachment":[{"href":"https:\/\/www.veneciacr.com\/index.php\/wp-json\/wp\/v2\/media?parent=5876"}],"wp:term":[{"taxonomy":"product_brand","embeddable":true,"href":"https:\/\/www.veneciacr.com\/index.php\/wp-json\/wp\/v2\/product_brand?post=5876"},{"taxonomy":"product_cat","embeddable":true,"href":"https:\/\/www.veneciacr.com\/index.php\/wp-json\/wp\/v2\/product_cat?post=5876"},{"taxonomy":"product_tag","embeddable":true,"href":"https:\/\/www.veneciacr.com\/index.php\/wp-json\/wp\/v2\/product_tag?post=5876"}],"curies":[{"name":"wp","href":"https:\/\/api.w.org\/{rel}","templated":true}]}}