{"id":5750,"date":"2026-04-23T02:03:57","date_gmt":"2026-04-23T08:03:57","guid":{"rendered":"http:\/\/34.83.78.142\/index.php\/product\/rep-acople-rapido-hembra-click-f-truper\/"},"modified":"2026-04-23T02:03:58","modified_gmt":"2026-04-23T08:03:58","slug":"rep-acople-rapido-hembra-click-f-truper","status":"publish","type":"product","link":"https:\/\/www.veneciacr.com\/index.php\/producto\/rep-acople-rapido-hembra-click-f-truper\/","title":{"rendered":"REP ACOPLE RAPIDO HEMBRA CLICK-F TRUPER"},"content":{"rendered":"<p>Fabricado en pl\u00e1stico ABS<br \/>\nConexi\u00f3n r\u00e1pida y autom\u00e1tica<br \/>\nSistema click<\/p>\n<p>APLICACIONES<br \/>\nJardiner\u00eda<br \/>\nIdeal para cambiar al instante mangueras y accesorios de riego con conectores click de Truper\u00ae<\/p>\n<p>ESPECIFICACIONES<br \/>\nEntrada 3\/4&#8243; (19mm)<br \/>\nTipo Hembra<br \/>\nPeso 8.5 g<\/p>\n","protected":false},"excerpt":{"rendered":"<p>Fabricado en pl\u00e1stico ABS Conexi\u00f3n r\u00e1pida y autom\u00e1tica Sistema click APLICACIONES Jardiner\u00eda Ideal para cambiar al instante mangueras y accesorios<\/p>\n","protected":false},"featured_media":77637,"comment_status":"closed","ping_status":"open","template":"","meta":[],"product_brand":[],"product_cat":[21],"product_tag":[],"class_list":{"0":"post-5750","1":"product","2":"type-product","3":"status-publish","4":"has-post-thumbnail","6":"product_cat-jardin","8":"first","9":"instock","10":"purchasable","11":"product-type-simple"},"jetpack_sharing_enabled":true,"_links":{"self":[{"href":"https:\/\/www.veneciacr.com\/index.php\/wp-json\/wp\/v2\/product\/5750","targetHints":{"allow":["GET"]}}],"collection":[{"href":"https:\/\/www.veneciacr.com\/index.php\/wp-json\/wp\/v2\/product"}],"about":[{"href":"https:\/\/www.veneciacr.com\/index.php\/wp-json\/wp\/v2\/types\/product"}],"replies":[{"embeddable":true,"href":"https:\/\/www.veneciacr.com\/index.php\/wp-json\/wp\/v2\/comments?post=5750"}],"wp:featuredmedia":[{"embeddable":true,"href":"https:\/\/www.veneciacr.com\/index.php\/wp-json\/wp\/v2\/media\/77637"}],"wp:attachment":[{"href":"https:\/\/www.veneciacr.com\/index.php\/wp-json\/wp\/v2\/media?parent=5750"}],"wp:term":[{"taxonomy":"product_brand","embeddable":true,"href":"https:\/\/www.veneciacr.com\/index.php\/wp-json\/wp\/v2\/product_brand?post=5750"},{"taxonomy":"product_cat","embeddable":true,"href":"https:\/\/www.veneciacr.com\/index.php\/wp-json\/wp\/v2\/product_cat?post=5750"},{"taxonomy":"product_tag","embeddable":true,"href":"https:\/\/www.veneciacr.com\/index.php\/wp-json\/wp\/v2\/product_tag?post=5750"}],"curies":[{"name":"wp","href":"https:\/\/api.w.org\/{rel}","templated":true}]}}