{"id":5727,"date":"2026-04-21T03:54:13","date_gmt":"2026-04-21T09:54:13","guid":{"rendered":"http:\/\/34.83.78.142\/index.php\/product\/destornillador-ph2-4-dp-1-4x4b-truper\/"},"modified":"2026-04-21T03:54:14","modified_gmt":"2026-04-21T09:54:14","slug":"destornillador-ph2-4-dp-1-4x4b-truper","status":"publish","type":"product","link":"https:\/\/www.veneciacr.com\/index.php\/producto\/destornillador-ph2-4-dp-1-4x4b-truper\/","title":{"rendered":"DESTORNILLADOR PH2 4&#8243; DP-1\/4X4B TRUPER"},"content":{"rendered":"<p>Di\u00e1metro de la barra 1\/4&#8243; (6.3mm)<br \/>\nLongitud de la barra 4&#8243; (100mm)<br \/>\nLongitud del mango 107 mm<br \/>\nDureza de la barra 54 HRc<br \/>\nEmpaque Tarjeta pl\u00e1stica<\/p>\n<p>CARACTER\u00cdSTICAS<br \/>\nBarra fabricada en acero S-2<br \/>\nHex\u00e1gono en la barra para maximizar el torque con una llave<br \/>\nPunta magnetizada<br \/>\nMango comfort grip fabricado en polipropileno<\/p>\n<p>USOS<br \/>\nMec\u00e1nica, carpinter\u00eda, industria, hogar, etc\u00e9tera<\/p>\n","protected":false},"excerpt":{"rendered":"<p>Di\u00e1metro de la barra 1\/4&#8243; (6.3mm) Longitud de la barra 4&#8243; (100mm) Longitud del mango 107 mm Dureza de la<\/p>\n","protected":false},"featured_media":77605,"comment_status":"closed","ping_status":"open","template":"","meta":[],"product_brand":[],"product_cat":[23,24],"product_tag":[],"class_list":{"0":"post-5727","1":"product","2":"type-product","3":"status-publish","4":"has-post-thumbnail","6":"product_cat-herramientas","7":"product_cat-herramientas-manuales","9":"first","10":"instock","11":"purchasable","12":"product-type-simple"},"jetpack_sharing_enabled":true,"_links":{"self":[{"href":"https:\/\/www.veneciacr.com\/index.php\/wp-json\/wp\/v2\/product\/5727","targetHints":{"allow":["GET"]}}],"collection":[{"href":"https:\/\/www.veneciacr.com\/index.php\/wp-json\/wp\/v2\/product"}],"about":[{"href":"https:\/\/www.veneciacr.com\/index.php\/wp-json\/wp\/v2\/types\/product"}],"replies":[{"embeddable":true,"href":"https:\/\/www.veneciacr.com\/index.php\/wp-json\/wp\/v2\/comments?post=5727"}],"wp:featuredmedia":[{"embeddable":true,"href":"https:\/\/www.veneciacr.com\/index.php\/wp-json\/wp\/v2\/media\/77605"}],"wp:attachment":[{"href":"https:\/\/www.veneciacr.com\/index.php\/wp-json\/wp\/v2\/media?parent=5727"}],"wp:term":[{"taxonomy":"product_brand","embeddable":true,"href":"https:\/\/www.veneciacr.com\/index.php\/wp-json\/wp\/v2\/product_brand?post=5727"},{"taxonomy":"product_cat","embeddable":true,"href":"https:\/\/www.veneciacr.com\/index.php\/wp-json\/wp\/v2\/product_cat?post=5727"},{"taxonomy":"product_tag","embeddable":true,"href":"https:\/\/www.veneciacr.com\/index.php\/wp-json\/wp\/v2\/product_tag?post=5727"}],"curies":[{"name":"wp","href":"https:\/\/api.w.org\/{rel}","templated":true}]}}