{"id":5692,"date":"2026-04-21T03:55:02","date_gmt":"2026-04-21T09:55:02","guid":{"rendered":"http:\/\/34.83.78.142\/index.php\/product\/soporte-tel-mag-auto-socel-1-voltech\/"},"modified":"2026-04-21T03:55:04","modified_gmt":"2026-04-21T09:55:04","slug":"soporte-tel-mag-auto-socel-1-volteck","status":"publish","type":"product","link":"https:\/\/www.veneciacr.com\/index.php\/producto\/soporte-tel-mag-auto-socel-1-volteck\/","title":{"rendered":"SOPORTE TEL MAG AUTO SOCEL-1 VOLTECK"},"content":{"rendered":"<p>Cuerpo fabricado en ABS y bases de acero<\/p>\n<p>Tecnolog\u00eda magn\u00e9tica, segura de utilizar, no interfiere en las llamadas, no da\u00f1a el dispositivo ni maltrata el autom\u00f3vil<\/p>\n<p>Dise\u00f1o compacto y discreto<\/p>\n","protected":false},"excerpt":{"rendered":"<p>Cuerpo fabricado en ABS y bases de acero Tecnolog\u00eda magn\u00e9tica, segura de utilizar, no interfiere en las llamadas, no da\u00f1a<\/p>\n","protected":false},"featured_media":77574,"comment_status":"closed","ping_status":"open","template":"","meta":[],"product_brand":[],"product_cat":[15],"product_tag":[],"class_list":{"0":"post-5692","1":"product","2":"type-product","3":"status-publish","4":"has-post-thumbnail","6":"product_cat-uncategorized","8":"first","9":"outofstock","10":"purchasable","11":"product-type-simple"},"jetpack_sharing_enabled":true,"_links":{"self":[{"href":"https:\/\/www.veneciacr.com\/index.php\/wp-json\/wp\/v2\/product\/5692","targetHints":{"allow":["GET"]}}],"collection":[{"href":"https:\/\/www.veneciacr.com\/index.php\/wp-json\/wp\/v2\/product"}],"about":[{"href":"https:\/\/www.veneciacr.com\/index.php\/wp-json\/wp\/v2\/types\/product"}],"replies":[{"embeddable":true,"href":"https:\/\/www.veneciacr.com\/index.php\/wp-json\/wp\/v2\/comments?post=5692"}],"wp:featuredmedia":[{"embeddable":true,"href":"https:\/\/www.veneciacr.com\/index.php\/wp-json\/wp\/v2\/media\/77574"}],"wp:attachment":[{"href":"https:\/\/www.veneciacr.com\/index.php\/wp-json\/wp\/v2\/media?parent=5692"}],"wp:term":[{"taxonomy":"product_brand","embeddable":true,"href":"https:\/\/www.veneciacr.com\/index.php\/wp-json\/wp\/v2\/product_brand?post=5692"},{"taxonomy":"product_cat","embeddable":true,"href":"https:\/\/www.veneciacr.com\/index.php\/wp-json\/wp\/v2\/product_cat?post=5692"},{"taxonomy":"product_tag","embeddable":true,"href":"https:\/\/www.veneciacr.com\/index.php\/wp-json\/wp\/v2\/product_tag?post=5692"}],"curies":[{"name":"wp","href":"https:\/\/api.w.org\/{rel}","templated":true}]}}