{"id":5688,"date":"2026-05-01T02:02:40","date_gmt":"2026-05-01T08:02:40","guid":{"rendered":"http:\/\/34.83.78.142\/index.php\/product\/regla-calibradora-22cm-regla-22-truper\/"},"modified":"2026-05-01T02:02:41","modified_gmt":"2026-05-01T08:02:41","slug":"regla-calibradora-22cm-regla-22-truper","status":"publish","type":"product","link":"https:\/\/www.veneciacr.com\/index.php\/producto\/regla-calibradora-22cm-regla-22-truper\/","title":{"rendered":"REGLA CALIBRADORA 22CM REGLA-22 TRUPER"},"content":{"rendered":"<p>Medici\u00f3n std y mm de di\u00e1metros, cuerda, longitud<br \/>\nLongitud<br \/>\n\u00d8 Externo<br \/>\n\u00d8 Interno<br \/>\nCuerda<\/p>\n<p>NORMA<br \/>\nVerifica tornillos std que cumplan con la norma: ASME B1.1-2003 y tornillos mm que cumplan con la norma: ASME B1.13M-2005<\/p>\n<p>ESPECIFICACIONES<br \/>\nPallet: 4032<br \/>\nLongitud: 22 cm<br \/>\nEmpaque individual: Bl\u00edster<\/p>\n","protected":false},"excerpt":{"rendered":"<p>Medici\u00f3n std y mm de di\u00e1metros, cuerda, longitud Longitud \u00d8 Externo \u00d8 Interno Cuerda NORMA Verifica tornillos std que cumplan<\/p>\n","protected":false},"featured_media":77572,"comment_status":"closed","ping_status":"open","template":"","meta":[],"product_brand":[],"product_cat":[15],"product_tag":[],"class_list":{"0":"post-5688","1":"product","2":"type-product","3":"status-publish","4":"has-post-thumbnail","6":"product_cat-uncategorized","8":"first","9":"instock","10":"purchasable","11":"product-type-simple"},"jetpack_sharing_enabled":true,"_links":{"self":[{"href":"https:\/\/www.veneciacr.com\/index.php\/wp-json\/wp\/v2\/product\/5688","targetHints":{"allow":["GET"]}}],"collection":[{"href":"https:\/\/www.veneciacr.com\/index.php\/wp-json\/wp\/v2\/product"}],"about":[{"href":"https:\/\/www.veneciacr.com\/index.php\/wp-json\/wp\/v2\/types\/product"}],"replies":[{"embeddable":true,"href":"https:\/\/www.veneciacr.com\/index.php\/wp-json\/wp\/v2\/comments?post=5688"}],"wp:featuredmedia":[{"embeddable":true,"href":"https:\/\/www.veneciacr.com\/index.php\/wp-json\/wp\/v2\/media\/77572"}],"wp:attachment":[{"href":"https:\/\/www.veneciacr.com\/index.php\/wp-json\/wp\/v2\/media?parent=5688"}],"wp:term":[{"taxonomy":"product_brand","embeddable":true,"href":"https:\/\/www.veneciacr.com\/index.php\/wp-json\/wp\/v2\/product_brand?post=5688"},{"taxonomy":"product_cat","embeddable":true,"href":"https:\/\/www.veneciacr.com\/index.php\/wp-json\/wp\/v2\/product_cat?post=5688"},{"taxonomy":"product_tag","embeddable":true,"href":"https:\/\/www.veneciacr.com\/index.php\/wp-json\/wp\/v2\/product_tag?post=5688"}],"curies":[{"name":"wp","href":"https:\/\/api.w.org\/{rel}","templated":true}]}}