{"id":568,"date":"2026-04-23T02:23:18","date_gmt":"2026-04-23T08:23:18","guid":{"rendered":"http:\/\/34.83.78.142\/index.php\/product\/repuesto-de-tiralinea-azul-226g-rep-tl-truper\/"},"modified":"2026-04-23T02:23:19","modified_gmt":"2026-04-23T08:23:19","slug":"repuesto-tiralinea-azul-226g-rep-tl-truper","status":"publish","type":"product","link":"https:\/\/www.veneciacr.com\/index.php\/producto\/repuesto-tiralinea-azul-226g-rep-tl-truper\/","title":{"rendered":"REPUESTO TIRALINEA AZUL 226G REP-TL TRUPER"},"content":{"rendered":"<p>Color Azul<br \/>\nContenido 226 g (8 oz)<br \/>\nEmpaque Granel<\/p>\n<p>CARACTER\u00cdSTICAS<br \/>\nGis de alta visibilidad<br \/>\nPr\u00e1ctico dosificador para un f\u00e1cil llenado<\/p>\n<p>USOS<br \/>\nPara todos los tiral\u00edneas Truper\u00ae<\/p>\n","protected":false},"excerpt":{"rendered":"<p>Color Azul Contenido 226 g (8 oz) Empaque Granel CARACTER\u00cdSTICAS Gis de alta visibilidad Pr\u00e1ctico dosificador para un f\u00e1cil llenado<\/p>\n","protected":false},"featured_media":74078,"comment_status":"closed","ping_status":"open","template":"","meta":[],"product_brand":[],"product_cat":[15],"product_tag":[],"class_list":{"0":"post-568","1":"product","2":"type-product","3":"status-publish","4":"has-post-thumbnail","6":"product_cat-uncategorized","8":"first","9":"instock","10":"purchasable","11":"product-type-simple"},"jetpack_sharing_enabled":true,"_links":{"self":[{"href":"https:\/\/www.veneciacr.com\/index.php\/wp-json\/wp\/v2\/product\/568","targetHints":{"allow":["GET"]}}],"collection":[{"href":"https:\/\/www.veneciacr.com\/index.php\/wp-json\/wp\/v2\/product"}],"about":[{"href":"https:\/\/www.veneciacr.com\/index.php\/wp-json\/wp\/v2\/types\/product"}],"replies":[{"embeddable":true,"href":"https:\/\/www.veneciacr.com\/index.php\/wp-json\/wp\/v2\/comments?post=568"}],"wp:featuredmedia":[{"embeddable":true,"href":"https:\/\/www.veneciacr.com\/index.php\/wp-json\/wp\/v2\/media\/74078"}],"wp:attachment":[{"href":"https:\/\/www.veneciacr.com\/index.php\/wp-json\/wp\/v2\/media?parent=568"}],"wp:term":[{"taxonomy":"product_brand","embeddable":true,"href":"https:\/\/www.veneciacr.com\/index.php\/wp-json\/wp\/v2\/product_brand?post=568"},{"taxonomy":"product_cat","embeddable":true,"href":"https:\/\/www.veneciacr.com\/index.php\/wp-json\/wp\/v2\/product_cat?post=568"},{"taxonomy":"product_tag","embeddable":true,"href":"https:\/\/www.veneciacr.com\/index.php\/wp-json\/wp\/v2\/product_tag?post=568"}],"curies":[{"name":"wp","href":"https:\/\/api.w.org\/{rel}","templated":true}]}}