{"id":566,"date":"2026-04-21T06:27:41","date_gmt":"2026-04-21T12:27:41","guid":{"rendered":"http:\/\/34.83.78.142\/index.php\/product\/spray-nais-rociador-236ml-loctite-10040746\/"},"modified":"2026-04-21T06:27:42","modified_gmt":"2026-04-21T12:27:42","slug":"spray-nais-rociador-236ml-loctite","status":"publish","type":"product","link":"https:\/\/www.veneciacr.com\/index.php\/producto\/spray-nais-rociador-236ml-loctite\/","title":{"rendered":"SPRAY NAIS ROCIADOR 236ML LOCTITE"},"content":{"rendered":"<ul>\n<li>Loctite nais abrillantador para uso automotriz (Rociador).<\/li>\n<li>Nais es un abrillantador de superficies que protege, embellece y devuelve el brillo a art\u00edculos de cuero, vinilo, pl\u00e1stico\u00a0yhule,<\/li>\n<li>Contiene protecci\u00f3n contra rayos UV.<\/li>\n<li>Vida \u00fatil: \u00a024 meses.<\/li>\n<li>Contenido: 236 ml.<\/li>\n<\/ul>\n<h3>Recomendaciones de Uso<\/h3>\n<ul>\n<li>Limpie la superficie con un pa\u00f1o h\u00famedo para eliminar toda la suciedad.<\/li>\n<li>Aplique nais distribuy\u00e9ndolo homog\u00e9neamente con un pa\u00f1o limpio seco.<\/li>\n<li>Deje que nais penetre en la superficie por unos segundos.<\/li>\n<li>Frote la superficie con un pa\u00f1o limpio.<\/li>\n<li>\u00a0Almacenamiento\n<ul>\n<li>Nais se debe guardar fuera de la luz directa del sol, en condiciones secas libres de congelamiento, con temperaturas entre 5?C y 50?C, bajo estas condiciones la duraci\u00f3n en almacenaje ser\u00e1 de 24 meses a partir de la fecha de manufactura.<\/li>\n<\/ul>\n<\/li>\n<\/ul>\n<h3>Usos<\/h3>\n<ul>\n<li>Cuero.<\/li>\n<li>Llantas.<\/li>\n<li>Plastico.<\/li>\n<li>Vidrios.<\/li>\n<\/ul>\n","protected":false},"excerpt":{"rendered":"<p>Loctite nais abrillantador para uso automotriz (Rociador). Nais es un abrillantador de superficies que protege, embellece y devuelve el brillo<\/p>\n","protected":false},"featured_media":97766,"comment_status":"closed","ping_status":"open","template":"","meta":[],"product_brand":[],"product_cat":[15],"product_tag":[],"class_list":{"0":"post-566","1":"product","2":"type-product","3":"status-publish","4":"has-post-thumbnail","6":"product_cat-uncategorized","8":"first","9":"instock","10":"purchasable","11":"product-type-simple"},"jetpack_sharing_enabled":true,"_links":{"self":[{"href":"https:\/\/www.veneciacr.com\/index.php\/wp-json\/wp\/v2\/product\/566","targetHints":{"allow":["GET"]}}],"collection":[{"href":"https:\/\/www.veneciacr.com\/index.php\/wp-json\/wp\/v2\/product"}],"about":[{"href":"https:\/\/www.veneciacr.com\/index.php\/wp-json\/wp\/v2\/types\/product"}],"replies":[{"embeddable":true,"href":"https:\/\/www.veneciacr.com\/index.php\/wp-json\/wp\/v2\/comments?post=566"}],"wp:featuredmedia":[{"embeddable":true,"href":"https:\/\/www.veneciacr.com\/index.php\/wp-json\/wp\/v2\/media\/97766"}],"wp:attachment":[{"href":"https:\/\/www.veneciacr.com\/index.php\/wp-json\/wp\/v2\/media?parent=566"}],"wp:term":[{"taxonomy":"product_brand","embeddable":true,"href":"https:\/\/www.veneciacr.com\/index.php\/wp-json\/wp\/v2\/product_brand?post=566"},{"taxonomy":"product_cat","embeddable":true,"href":"https:\/\/www.veneciacr.com\/index.php\/wp-json\/wp\/v2\/product_cat?post=566"},{"taxonomy":"product_tag","embeddable":true,"href":"https:\/\/www.veneciacr.com\/index.php\/wp-json\/wp\/v2\/product_tag?post=566"}],"curies":[{"name":"wp","href":"https:\/\/api.w.org\/{rel}","templated":true}]}}