{"id":5566,"date":"2026-04-27T02:02:54","date_gmt":"2026-04-27T08:02:54","guid":{"rendered":"http:\/\/34.83.78.142\/index.php\/product\/caja-herramientas-19-cha-19n-truper-19781\/"},"modified":"2026-04-27T02:02:54","modified_gmt":"2026-04-27T08:02:54","slug":"caja-herramientas-19-cha-19n-truper","status":"publish","type":"product","link":"https:\/\/www.veneciacr.com\/index.php\/producto\/caja-herramientas-19-cha-19n-truper\/","title":{"rendered":"CAJA HERRAMIENTAS 19&#8243; CHA-19N TRUPER"},"content":{"rendered":"<p>Fabricada en polipropileno<\/p>\n<p>Modelo ancho para mayor capacidad<\/p>\n<p>Manija con dise\u00f1o ergon\u00f3mico para transportar c\u00f3modamente<\/p>\n<table class=\"table table-bordered m-0 align-middle\">\n<thead class=\"table-dark text-center\">\n<tr>\n<th scope=\"col\">\n<p class=\"margen_tabla_especs color_espec_padre\">C\u00f3digo<\/p>\n<\/th>\n<th scope=\"col\">\n<p class=\"margen_tabla_especs color_espec_padre\">Clave<\/p>\n<\/th>\n<th scope=\"col\">\n<p class=\"margen_tabla_especs color_espec_padre\">Base<\/p>\n<\/th>\n<th scope=\"col\">\n<p class=\"margen_tabla_especs color_espec_padre\">Fondo<\/p>\n<\/th>\n<th scope=\"col\">\n<p class=\"margen_tabla_especs color_espec_padre\">Alto<\/p>\n<\/th>\n<th scope=\"col\">\n<p class=\"margen_tabla_especs color_espec_padre\">Peso<\/p>\n<\/th>\n<th scope=\"col\">\n<p class=\"margen_tabla_especs color_espec_padre\">Empaque individual<\/p>\n<\/th>\n<th scope=\"col\">\n<p class=\"margen_tabla_especs color_espec_padre\">\n<\/th>\n<\/tr>\n<\/thead>\n<tbody>\n<tr>\n<td><\/td>\n<td><\/td>\n<td><\/td>\n<td><\/td>\n<td><\/td>\n<td><\/td>\n<td><\/td>\n<td><\/td>\n<\/tr>\n<tr>\n<td><\/td>\n<td><\/td>\n<td><\/td>\n<td><\/td>\n<td><\/td>\n<td><\/td>\n<td><\/td>\n<td><\/td>\n<\/tr>\n<tr>\n<td>19781<\/td>\n<td>CHA-19N<\/td>\n<td>19&#8243; (48 cm)<\/td>\n<td>10 1\/2&#8243; (27 cm)<\/td>\n<td>10&#8243; (25 cm)<\/td>\n<td>1.7 kg<\/td>\n<td>Etiqueta<\/td>\n<td><\/td>\n<\/tr>\n<tr>\n<td><\/td>\n<td><\/td>\n<td><\/td>\n<td><\/td>\n<td><\/td>\n<td><\/td>\n<td><\/td>\n<td><\/td>\n<\/tr>\n<\/tbody>\n<\/table>\n","protected":false},"excerpt":{"rendered":"<p>Fabricada en polipropileno Modelo ancho para mayor capacidad Manija con dise\u00f1o ergon\u00f3mico para transportar c\u00f3modamente C\u00f3digo Clave Base Fondo Alto<\/p>\n","protected":false},"featured_media":77478,"comment_status":"closed","ping_status":"open","template":"","meta":[],"product_brand":[],"product_cat":[22,23],"product_tag":[],"class_list":{"0":"post-5566","1":"product","2":"type-product","3":"status-publish","4":"has-post-thumbnail","6":"product_cat-almacenamiento","7":"product_cat-herramientas","9":"first","10":"outofstock","11":"purchasable","12":"product-type-simple"},"jetpack_sharing_enabled":true,"_links":{"self":[{"href":"https:\/\/www.veneciacr.com\/index.php\/wp-json\/wp\/v2\/product\/5566","targetHints":{"allow":["GET"]}}],"collection":[{"href":"https:\/\/www.veneciacr.com\/index.php\/wp-json\/wp\/v2\/product"}],"about":[{"href":"https:\/\/www.veneciacr.com\/index.php\/wp-json\/wp\/v2\/types\/product"}],"replies":[{"embeddable":true,"href":"https:\/\/www.veneciacr.com\/index.php\/wp-json\/wp\/v2\/comments?post=5566"}],"wp:featuredmedia":[{"embeddable":true,"href":"https:\/\/www.veneciacr.com\/index.php\/wp-json\/wp\/v2\/media\/77478"}],"wp:attachment":[{"href":"https:\/\/www.veneciacr.com\/index.php\/wp-json\/wp\/v2\/media?parent=5566"}],"wp:term":[{"taxonomy":"product_brand","embeddable":true,"href":"https:\/\/www.veneciacr.com\/index.php\/wp-json\/wp\/v2\/product_brand?post=5566"},{"taxonomy":"product_cat","embeddable":true,"href":"https:\/\/www.veneciacr.com\/index.php\/wp-json\/wp\/v2\/product_cat?post=5566"},{"taxonomy":"product_tag","embeddable":true,"href":"https:\/\/www.veneciacr.com\/index.php\/wp-json\/wp\/v2\/product_tag?post=5566"}],"curies":[{"name":"wp","href":"https:\/\/api.w.org\/{rel}","templated":true}]}}