{"id":5532,"date":"2026-04-21T03:58:44","date_gmt":"2026-04-21T09:58:44","guid":{"rendered":"http:\/\/34.83.78.142\/index.php\/product\/tijera-6-1-2-inox-tiof-6-truper\/"},"modified":"2026-04-21T03:58:44","modified_gmt":"2026-04-21T09:58:44","slug":"tijera-6-1-2-inox-tiof-6-truper","status":"publish","type":"product","link":"https:\/\/www.veneciacr.com\/index.php\/producto\/tijera-6-1-2-inox-tiof-6-truper\/","title":{"rendered":"TIJERA 6 1\/2&#8243; INOX TIOF-6 TRUPER"},"content":{"rendered":"<p>Hojas fabricadas en acero inoxidable<br \/>\nMango de pol\u00edmero termo-pl\u00e1stico<br \/>\nFilo dentado para prevenir que el objeto se deslice<br \/>\nDise\u00f1o ergon\u00f3mico para mayor confort<br \/>\nIdeal para cortar: cartulina, papel, cinta y diversos materiales<\/p>\n<p>ESPECIFICACIONES<br \/>\nLongitud total: 6 1\/2&#8243; (17 cm)<br \/>\nLongitud de corte: 79 mm<br \/>\nPeso: 51 g<br \/>\nEmpaque individual: Tarjeta<\/p>\n","protected":false},"excerpt":{"rendered":"<p>Hojas fabricadas en acero inoxidable Mango de pol\u00edmero termo-pl\u00e1stico Filo dentado para prevenir que el objeto se deslice Dise\u00f1o ergon\u00f3mico<\/p>\n","protected":false},"featured_media":77456,"comment_status":"closed","ping_status":"open","template":"","meta":[],"product_brand":[],"product_cat":[152,23],"product_tag":[],"class_list":{"0":"post-5532","1":"product","2":"type-product","3":"status-publish","4":"has-post-thumbnail","6":"product_cat-herramienta-manuales","7":"product_cat-herramientas","9":"first","10":"instock","11":"purchasable","12":"product-type-simple"},"jetpack_sharing_enabled":true,"_links":{"self":[{"href":"https:\/\/www.veneciacr.com\/index.php\/wp-json\/wp\/v2\/product\/5532","targetHints":{"allow":["GET"]}}],"collection":[{"href":"https:\/\/www.veneciacr.com\/index.php\/wp-json\/wp\/v2\/product"}],"about":[{"href":"https:\/\/www.veneciacr.com\/index.php\/wp-json\/wp\/v2\/types\/product"}],"replies":[{"embeddable":true,"href":"https:\/\/www.veneciacr.com\/index.php\/wp-json\/wp\/v2\/comments?post=5532"}],"wp:featuredmedia":[{"embeddable":true,"href":"https:\/\/www.veneciacr.com\/index.php\/wp-json\/wp\/v2\/media\/77456"}],"wp:attachment":[{"href":"https:\/\/www.veneciacr.com\/index.php\/wp-json\/wp\/v2\/media?parent=5532"}],"wp:term":[{"taxonomy":"product_brand","embeddable":true,"href":"https:\/\/www.veneciacr.com\/index.php\/wp-json\/wp\/v2\/product_brand?post=5532"},{"taxonomy":"product_cat","embeddable":true,"href":"https:\/\/www.veneciacr.com\/index.php\/wp-json\/wp\/v2\/product_cat?post=5532"},{"taxonomy":"product_tag","embeddable":true,"href":"https:\/\/www.veneciacr.com\/index.php\/wp-json\/wp\/v2\/product_tag?post=5532"}],"curies":[{"name":"wp","href":"https:\/\/api.w.org\/{rel}","templated":true}]}}