{"id":5499,"date":"2026-04-21T03:59:03","date_gmt":"2026-04-21T09:59:03","guid":{"rendered":"http:\/\/34.83.78.142\/index.php\/product\/interruptor-pulsante-6a-125v-449-aguila\/"},"modified":"2026-04-21T03:59:05","modified_gmt":"2026-04-21T09:59:05","slug":"interruptor-pulsante-6a-125v-449-eagle","status":"publish","type":"product","link":"https:\/\/www.veneciacr.com\/index.php\/producto\/interruptor-pulsante-6a-125v-449-eagle\/","title":{"rendered":"INTERRUPTOR PULSANTE 6A 125V 449 EAGLE"},"content":{"rendered":"<table>\n<tbody>\n<tr>\n<td><\/td>\n<td align=\"left\"><\/td>\n<td><\/td>\n<td>Uso:<\/td>\n<td align=\"left\">Control el\u00e9ctrico de baja tensi\u00f3n<\/td>\n<\/tr>\n<tr>\n<td>Material del Cuerpo:<\/td>\n<td align=\"left\">Baquelita de alta calidad<\/td>\n<td><\/td>\n<td>Certificaci\u00f3n:<\/td>\n<td align=\"left\">NOM-ANCE 201401A03682<\/td>\n<\/tr>\n<tr>\n<td>Capacidad de Corriente:<\/td>\n<td align=\"left\">6A (125V~), 3A (250V~)<\/td>\n<td><\/td>\n<td>Ideal para:<\/td>\n<td align=\"left\">Hogares, oficinas y aplicaciones industriales<\/td>\n<\/tr>\n<tr>\n<td>Tipo de Interruptor:<\/td>\n<td align=\"left\">Pulsante de baja tensi\u00f3n<\/td>\n<td><\/td>\n<td>Longitud del Cable:<\/td>\n<td align=\"left\">15 cm<\/td>\n<\/tr>\n<tr>\n<td>Cable Calibre:<\/td>\n<td align=\"left\">18 AWG<\/td>\n<\/tr>\n<\/tbody>\n<\/table>\n","protected":false},"excerpt":{"rendered":"<p>Uso: Control el\u00e9ctrico de baja tensi\u00f3n Material del Cuerpo: Baquelita de alta calidad Certificaci\u00f3n: NOM-ANCE 201401A03682 Capacidad de Corriente: 6A<\/p>\n","protected":false},"featured_media":77440,"comment_status":"closed","ping_status":"open","template":"","meta":[],"product_brand":[],"product_cat":[80],"product_tag":[],"class_list":{"0":"post-5499","1":"product","2":"type-product","3":"status-publish","4":"has-post-thumbnail","6":"product_cat-electrico","8":"first","9":"instock","10":"purchasable","11":"product-type-simple"},"jetpack_sharing_enabled":true,"_links":{"self":[{"href":"https:\/\/www.veneciacr.com\/index.php\/wp-json\/wp\/v2\/product\/5499","targetHints":{"allow":["GET"]}}],"collection":[{"href":"https:\/\/www.veneciacr.com\/index.php\/wp-json\/wp\/v2\/product"}],"about":[{"href":"https:\/\/www.veneciacr.com\/index.php\/wp-json\/wp\/v2\/types\/product"}],"replies":[{"embeddable":true,"href":"https:\/\/www.veneciacr.com\/index.php\/wp-json\/wp\/v2\/comments?post=5499"}],"wp:featuredmedia":[{"embeddable":true,"href":"https:\/\/www.veneciacr.com\/index.php\/wp-json\/wp\/v2\/media\/77440"}],"wp:attachment":[{"href":"https:\/\/www.veneciacr.com\/index.php\/wp-json\/wp\/v2\/media?parent=5499"}],"wp:term":[{"taxonomy":"product_brand","embeddable":true,"href":"https:\/\/www.veneciacr.com\/index.php\/wp-json\/wp\/v2\/product_brand?post=5499"},{"taxonomy":"product_cat","embeddable":true,"href":"https:\/\/www.veneciacr.com\/index.php\/wp-json\/wp\/v2\/product_cat?post=5499"},{"taxonomy":"product_tag","embeddable":true,"href":"https:\/\/www.veneciacr.com\/index.php\/wp-json\/wp\/v2\/product_tag?post=5499"}],"curies":[{"name":"wp","href":"https:\/\/api.w.org\/{rel}","templated":true}]}}