{"id":5485,"date":"2026-04-30T02:06:04","date_gmt":"2026-04-30T08:06:04","guid":{"rendered":"http:\/\/34.83.78.142\/index.php\/product\/extension-p-pintar-3m-metal-extm-30-truper\/"},"modified":"2026-04-30T02:06:05","modified_gmt":"2026-04-30T08:06:05","slug":"extension-pintar-metal-3m-extm-30-truper","status":"publish","type":"product","link":"https:\/\/www.veneciacr.com\/index.php\/producto\/extension-pintar-metal-3m-extm-30-truper\/","title":{"rendered":"EXTENSION PINTAR METAL 3M EXTM-30 TRUPER"},"content":{"rendered":"<p>Longitud m\u00e1xima 3 m<br \/>\nLongitud m\u00ednima 1.5 m<br \/>\nDi\u00e1metro 22 mm<br \/>\nPeso 610 g<br \/>\nEmpaque Bolsa<\/p>\n<p>CARACTER\u00cdSTICAS<br \/>\nFabricada en acero<br \/>\nTelesc\u00f3pica<br \/>\nPunta de rosca para ajustar los rodillos y cepillos de pintor<\/p>\n<p>USOS<br \/>\nIdeal para pintar con rodillo superficies dif\u00edciles de alcanzar como fachadas, techos, cornisas, etc\u00e9tera<\/p>\n","protected":false},"excerpt":{"rendered":"<p>Longitud m\u00e1xima 3 m Longitud m\u00ednima 1.5 m Di\u00e1metro 22 mm Peso 610 g Empaque Bolsa CARACTER\u00cdSTICAS Fabricada en acero<\/p>\n","protected":false},"featured_media":77435,"comment_status":"closed","ping_status":"open","template":"","meta":[],"product_brand":[],"product_cat":[15],"product_tag":[],"class_list":{"0":"post-5485","1":"product","2":"type-product","3":"status-publish","4":"has-post-thumbnail","6":"product_cat-uncategorized","8":"first","9":"instock","10":"purchasable","11":"product-type-simple"},"jetpack_sharing_enabled":true,"_links":{"self":[{"href":"https:\/\/www.veneciacr.com\/index.php\/wp-json\/wp\/v2\/product\/5485","targetHints":{"allow":["GET"]}}],"collection":[{"href":"https:\/\/www.veneciacr.com\/index.php\/wp-json\/wp\/v2\/product"}],"about":[{"href":"https:\/\/www.veneciacr.com\/index.php\/wp-json\/wp\/v2\/types\/product"}],"replies":[{"embeddable":true,"href":"https:\/\/www.veneciacr.com\/index.php\/wp-json\/wp\/v2\/comments?post=5485"}],"wp:featuredmedia":[{"embeddable":true,"href":"https:\/\/www.veneciacr.com\/index.php\/wp-json\/wp\/v2\/media\/77435"}],"wp:attachment":[{"href":"https:\/\/www.veneciacr.com\/index.php\/wp-json\/wp\/v2\/media?parent=5485"}],"wp:term":[{"taxonomy":"product_brand","embeddable":true,"href":"https:\/\/www.veneciacr.com\/index.php\/wp-json\/wp\/v2\/product_brand?post=5485"},{"taxonomy":"product_cat","embeddable":true,"href":"https:\/\/www.veneciacr.com\/index.php\/wp-json\/wp\/v2\/product_cat?post=5485"},{"taxonomy":"product_tag","embeddable":true,"href":"https:\/\/www.veneciacr.com\/index.php\/wp-json\/wp\/v2\/product_tag?post=5485"}],"curies":[{"name":"wp","href":"https:\/\/api.w.org\/{rel}","templated":true}]}}