{"id":5443,"date":"2026-04-21T04:03:27","date_gmt":"2026-04-21T10:03:27","guid":{"rendered":"http:\/\/34.83.78.142\/index.php\/product\/pistola-p-sopletear-6-piso-358-truper\/"},"modified":"2026-04-21T04:03:28","modified_gmt":"2026-04-21T10:03:28","slug":"pistola-sopletear-6-piso-358-truper","status":"publish","type":"product","link":"https:\/\/www.veneciacr.com\/index.php\/producto\/pistola-sopletear-6-piso-358-truper\/","title":{"rendered":"PISTOLA SOPLETEAR 6&#8243; PISO-358 TRUPER"},"content":{"rendered":"<p>Presi\u00f3n m\u00e1xima 90 PSI<br \/>\nRango de presi\u00f3n 10 a 90 PSI<br \/>\nEmpaque Blister<\/p>\n<p>CARACTER\u00cdSTICAS<br \/>\nCuerpo fabricado en pl\u00e1stico de alto impacto<br \/>\nBoquilla angulada para \u00e1reas de dif\u00edcil acceso<br \/>\nFlujo de aire variable controlado por el gatillo<\/p>\n<p>USOS<br \/>\nIdeal para secado y eliminaci\u00f3n de polvo y virutas<\/p>\n","protected":false},"excerpt":{"rendered":"<p>Presi\u00f3n m\u00e1xima 90 PSI Rango de presi\u00f3n 10 a 90 PSI Empaque Blister CARACTER\u00cdSTICAS Cuerpo fabricado en pl\u00e1stico de alto<\/p>\n","protected":false},"featured_media":77363,"comment_status":"closed","ping_status":"open","template":"","meta":[],"product_brand":[],"product_cat":[15],"product_tag":[],"class_list":{"0":"post-5443","1":"product","2":"type-product","3":"status-publish","4":"has-post-thumbnail","6":"product_cat-uncategorized","8":"first","9":"instock","10":"purchasable","11":"product-type-simple"},"jetpack_sharing_enabled":true,"_links":{"self":[{"href":"https:\/\/www.veneciacr.com\/index.php\/wp-json\/wp\/v2\/product\/5443","targetHints":{"allow":["GET"]}}],"collection":[{"href":"https:\/\/www.veneciacr.com\/index.php\/wp-json\/wp\/v2\/product"}],"about":[{"href":"https:\/\/www.veneciacr.com\/index.php\/wp-json\/wp\/v2\/types\/product"}],"replies":[{"embeddable":true,"href":"https:\/\/www.veneciacr.com\/index.php\/wp-json\/wp\/v2\/comments?post=5443"}],"wp:featuredmedia":[{"embeddable":true,"href":"https:\/\/www.veneciacr.com\/index.php\/wp-json\/wp\/v2\/media\/77363"}],"wp:attachment":[{"href":"https:\/\/www.veneciacr.com\/index.php\/wp-json\/wp\/v2\/media?parent=5443"}],"wp:term":[{"taxonomy":"product_brand","embeddable":true,"href":"https:\/\/www.veneciacr.com\/index.php\/wp-json\/wp\/v2\/product_brand?post=5443"},{"taxonomy":"product_cat","embeddable":true,"href":"https:\/\/www.veneciacr.com\/index.php\/wp-json\/wp\/v2\/product_cat?post=5443"},{"taxonomy":"product_tag","embeddable":true,"href":"https:\/\/www.veneciacr.com\/index.php\/wp-json\/wp\/v2\/product_tag?post=5443"}],"curies":[{"name":"wp","href":"https:\/\/api.w.org\/{rel}","templated":true}]}}