{"id":5441,"date":"2026-04-21T04:03:27","date_gmt":"2026-04-21T10:03:27","guid":{"rendered":"http:\/\/34.83.78.142\/index.php\/product\/cabeza-infladora-macho-1-4-npt-boch-ma-1-4-truper\/"},"modified":"2026-04-21T04:03:27","modified_gmt":"2026-04-21T10:03:27","slug":"cabeza-infladora-macho-1-4-npt-boch-ma-1-4-truper","status":"publish","type":"product","link":"https:\/\/www.veneciacr.com\/index.php\/producto\/cabeza-infladora-macho-1-4-npt-boch-ma-1-4-truper\/","title":{"rendered":"CABEZA INFLADORA MACHO 1\/4&#8243; NPT BOCH-MA-1\/4 TRUPER"},"content":{"rendered":"<p>Fabricada en lat\u00f3n para m\u00e1xima duraci\u00f3n<\/p>\n<p>Compatible con v\u00e1lvulas americanas tipo Schrade<\/p>\n","protected":false},"excerpt":{"rendered":"<p>Fabricada en lat\u00f3n para m\u00e1xima duraci\u00f3n Compatible con v\u00e1lvulas americanas tipo Schrade<\/p>\n","protected":false},"featured_media":77362,"comment_status":"closed","ping_status":"open","template":"","meta":[],"product_brand":[],"product_cat":[15],"product_tag":[],"class_list":{"0":"post-5441","1":"product","2":"type-product","3":"status-publish","4":"has-post-thumbnail","6":"product_cat-uncategorized","8":"first","9":"instock","10":"purchasable","11":"product-type-simple"},"jetpack_sharing_enabled":true,"_links":{"self":[{"href":"https:\/\/www.veneciacr.com\/index.php\/wp-json\/wp\/v2\/product\/5441","targetHints":{"allow":["GET"]}}],"collection":[{"href":"https:\/\/www.veneciacr.com\/index.php\/wp-json\/wp\/v2\/product"}],"about":[{"href":"https:\/\/www.veneciacr.com\/index.php\/wp-json\/wp\/v2\/types\/product"}],"replies":[{"embeddable":true,"href":"https:\/\/www.veneciacr.com\/index.php\/wp-json\/wp\/v2\/comments?post=5441"}],"wp:featuredmedia":[{"embeddable":true,"href":"https:\/\/www.veneciacr.com\/index.php\/wp-json\/wp\/v2\/media\/77362"}],"wp:attachment":[{"href":"https:\/\/www.veneciacr.com\/index.php\/wp-json\/wp\/v2\/media?parent=5441"}],"wp:term":[{"taxonomy":"product_brand","embeddable":true,"href":"https:\/\/www.veneciacr.com\/index.php\/wp-json\/wp\/v2\/product_brand?post=5441"},{"taxonomy":"product_cat","embeddable":true,"href":"https:\/\/www.veneciacr.com\/index.php\/wp-json\/wp\/v2\/product_cat?post=5441"},{"taxonomy":"product_tag","embeddable":true,"href":"https:\/\/www.veneciacr.com\/index.php\/wp-json\/wp\/v2\/product_tag?post=5441"}],"curies":[{"name":"wp","href":"https:\/\/api.w.org\/{rel}","templated":true}]}}