{"id":544,"date":"2026-04-24T02:18:54","date_gmt":"2026-04-24T08:18:54","guid":{"rendered":"http:\/\/34.83.78.142\/index.php\/product\/escuadra-de-carpintero-8-ec-8-truper\/"},"modified":"2026-04-24T02:18:54","modified_gmt":"2026-04-24T08:18:54","slug":"escuadra-carpintero-8-ec-8-truper","status":"publish","type":"product","link":"https:\/\/www.veneciacr.com\/index.php\/producto\/escuadra-carpintero-8-ec-8-truper\/","title":{"rendered":"ESCUADRA CARPINTERO 8&#8243; EC-8 TRUPER"},"content":{"rendered":"<p>Medida 8&#8243; (203.2mm)<br \/>\nAncho 36 mm<br \/>\nEmpaque Granel<\/p>\n<p>CARACTER\u00cdSTICAS<br \/>\nRegla fabricada en acero inoxidable<br \/>\nMango de aluminio<br \/>\nGraduaci\u00f3n en mil\u00edmetros y pulgadas grabada en l\u00e1ser<\/p>\n<p>USOS<br \/>\nEn carpinter\u00eda y herrer\u00eda para marcar y trazar \u00e1ngulos de 45\u00b0 o 90\u00b0 y verificar la cuadratura de las piezas<\/p>\n","protected":false},"excerpt":{"rendered":"<p>Medida 8&#8243; (203.2mm) Ancho 36 mm Empaque Granel CARACTER\u00cdSTICAS Regla fabricada en acero inoxidable Mango de aluminio Graduaci\u00f3n en mil\u00edmetros<\/p>\n","protected":false},"featured_media":74050,"comment_status":"closed","ping_status":"open","template":"","meta":[],"product_brand":[],"product_cat":[152,23],"product_tag":[],"class_list":{"0":"post-544","1":"product","2":"type-product","3":"status-publish","4":"has-post-thumbnail","6":"product_cat-herramienta-manuales","7":"product_cat-herramientas","9":"first","10":"instock","11":"purchasable","12":"product-type-simple"},"jetpack_sharing_enabled":true,"_links":{"self":[{"href":"https:\/\/www.veneciacr.com\/index.php\/wp-json\/wp\/v2\/product\/544","targetHints":{"allow":["GET"]}}],"collection":[{"href":"https:\/\/www.veneciacr.com\/index.php\/wp-json\/wp\/v2\/product"}],"about":[{"href":"https:\/\/www.veneciacr.com\/index.php\/wp-json\/wp\/v2\/types\/product"}],"replies":[{"embeddable":true,"href":"https:\/\/www.veneciacr.com\/index.php\/wp-json\/wp\/v2\/comments?post=544"}],"wp:featuredmedia":[{"embeddable":true,"href":"https:\/\/www.veneciacr.com\/index.php\/wp-json\/wp\/v2\/media\/74050"}],"wp:attachment":[{"href":"https:\/\/www.veneciacr.com\/index.php\/wp-json\/wp\/v2\/media?parent=544"}],"wp:term":[{"taxonomy":"product_brand","embeddable":true,"href":"https:\/\/www.veneciacr.com\/index.php\/wp-json\/wp\/v2\/product_brand?post=544"},{"taxonomy":"product_cat","embeddable":true,"href":"https:\/\/www.veneciacr.com\/index.php\/wp-json\/wp\/v2\/product_cat?post=544"},{"taxonomy":"product_tag","embeddable":true,"href":"https:\/\/www.veneciacr.com\/index.php\/wp-json\/wp\/v2\/product_tag?post=544"}],"curies":[{"name":"wp","href":"https:\/\/api.w.org\/{rel}","templated":true}]}}