{"id":5437,"date":"2026-04-21T04:03:37","date_gmt":"2026-04-21T10:03:37","guid":{"rendered":"http:\/\/34.83.78.142\/index.php\/product\/destornillador-hexagonal-5-16-dj-5-16-truper\/"},"modified":"2026-04-21T04:03:38","modified_gmt":"2026-04-21T10:03:38","slug":"destornillador-hexagonal-5-16-dj-5-16-truper","status":"publish","type":"product","link":"https:\/\/www.veneciacr.com\/index.php\/producto\/destornillador-hexagonal-5-16-dj-5-16-truper\/","title":{"rendered":"DESTORNILLADOR HEXAGONAL 5\/16&#8243; DJ-5\/16 TRUPER"},"content":{"rendered":"<p>Medida de la caja 5\/16&#8243; (7.93mm)<br \/>\nLongitud de la barra 2 7\/8&#8243; (73mm)<br \/>\nLongitud del mango 98.7mm<br \/>\nDureza de la barra 54 HRc<br \/>\nPeso 84.7 g<br \/>\nEmpaque Tarjeta<\/p>\n<p>CARACTER\u00cdSTICAS<br \/>\nBarra fabricada en acero al cromo vanadio SAE 6130<br \/>\nMango de acetato 5 veces m\u00e1s durable que los de PVC<br \/>\nEspiga extra-profunda con muesca para evitar el barrido<\/p>\n<p>USOS<br \/>\nMec\u00e1nica, carpinter\u00eda, industria, hogar, etc\u00e9tera<\/p>\n","protected":false},"excerpt":{"rendered":"<p>Medida de la caja 5\/16&#8243; (7.93mm) Longitud de la barra 2 7\/8&#8243; (73mm) Longitud del mango 98.7mm Dureza de la<\/p>\n","protected":false},"featured_media":77358,"comment_status":"closed","ping_status":"open","template":"","meta":[],"product_brand":[],"product_cat":[23,24],"product_tag":[],"class_list":{"0":"post-5437","1":"product","2":"type-product","3":"status-publish","4":"has-post-thumbnail","6":"product_cat-herramientas","7":"product_cat-herramientas-manuales","9":"first","10":"instock","11":"purchasable","12":"product-type-simple"},"jetpack_sharing_enabled":true,"_links":{"self":[{"href":"https:\/\/www.veneciacr.com\/index.php\/wp-json\/wp\/v2\/product\/5437","targetHints":{"allow":["GET"]}}],"collection":[{"href":"https:\/\/www.veneciacr.com\/index.php\/wp-json\/wp\/v2\/product"}],"about":[{"href":"https:\/\/www.veneciacr.com\/index.php\/wp-json\/wp\/v2\/types\/product"}],"replies":[{"embeddable":true,"href":"https:\/\/www.veneciacr.com\/index.php\/wp-json\/wp\/v2\/comments?post=5437"}],"wp:featuredmedia":[{"embeddable":true,"href":"https:\/\/www.veneciacr.com\/index.php\/wp-json\/wp\/v2\/media\/77358"}],"wp:attachment":[{"href":"https:\/\/www.veneciacr.com\/index.php\/wp-json\/wp\/v2\/media?parent=5437"}],"wp:term":[{"taxonomy":"product_brand","embeddable":true,"href":"https:\/\/www.veneciacr.com\/index.php\/wp-json\/wp\/v2\/product_brand?post=5437"},{"taxonomy":"product_cat","embeddable":true,"href":"https:\/\/www.veneciacr.com\/index.php\/wp-json\/wp\/v2\/product_cat?post=5437"},{"taxonomy":"product_tag","embeddable":true,"href":"https:\/\/www.veneciacr.com\/index.php\/wp-json\/wp\/v2\/product_tag?post=5437"}],"curies":[{"name":"wp","href":"https:\/\/api.w.org\/{rel}","templated":true}]}}