{"id":5418,"date":"2026-04-21T04:03:59","date_gmt":"2026-04-21T10:03:59","guid":{"rendered":"http:\/\/34.83.78.142\/index.php\/product\/linga-c-ratch-5m-1-1-2-2250kg-su-2250c-truper\/"},"modified":"2026-04-21T04:04:01","modified_gmt":"2026-04-21T10:04:01","slug":"linga-con-ratch-1-1-2-5m-2250kg-su-2250c-truper","status":"publish","type":"product","link":"https:\/\/www.veneciacr.com\/index.php\/producto\/linga-con-ratch-1-1-2-5m-2250kg-su-2250c-truper\/","title":{"rendered":"LINGA CON RATCH 1 1\/2&#8243; 5M 2250KG SU-2250C TRUPER"},"content":{"rendered":"<p>Cinta 100% poli\u00e9ster, no de deforma<br \/>\nGancho doble tipo J<br \/>\nSistema para aplicar m\u00e1xima tensi\u00f3n con m\u00ednimo esfuerzo<br \/>\nMecanismo de r\u00e1pida liberaci\u00f3n<br \/>\nResistentes al agua<br \/>\nAncho de cinta<\/p>\n<p>ESPECIFICACIONES<br \/>\nLongitud de cinta: 5 m<br \/>\nAncho de cinta: 1-1\/2&#8243; (38 mm)<br \/>\nCarga de trabajo: 750 kg<br \/>\nCarga m\u00e1xima: 2,250 kg<br \/>\nEmpaque individual: Tarjeta pl\u00e1stica<\/p>\n<p>Aplicaciones<br \/>\nIdeal para cargas pesadas de trailers y camiones<br \/>\nPara asegurar y evitar el movimiento de la carga<\/p>\n","protected":false},"excerpt":{"rendered":"<p>Cinta 100% poli\u00e9ster, no de deforma Gancho doble tipo J Sistema para aplicar m\u00e1xima tensi\u00f3n con m\u00ednimo esfuerzo Mecanismo de<\/p>\n","protected":false},"featured_media":77329,"comment_status":"closed","ping_status":"open","template":"","meta":[],"product_brand":[],"product_cat":[19,101],"product_tag":[],"class_list":{"0":"post-5418","1":"product","2":"type-product","3":"status-publish","4":"has-post-thumbnail","6":"product_cat-ferreteria","7":"product_cat-lingas","9":"first","10":"outofstock","11":"purchasable","12":"product-type-simple"},"jetpack_sharing_enabled":true,"_links":{"self":[{"href":"https:\/\/www.veneciacr.com\/index.php\/wp-json\/wp\/v2\/product\/5418","targetHints":{"allow":["GET"]}}],"collection":[{"href":"https:\/\/www.veneciacr.com\/index.php\/wp-json\/wp\/v2\/product"}],"about":[{"href":"https:\/\/www.veneciacr.com\/index.php\/wp-json\/wp\/v2\/types\/product"}],"replies":[{"embeddable":true,"href":"https:\/\/www.veneciacr.com\/index.php\/wp-json\/wp\/v2\/comments?post=5418"}],"wp:featuredmedia":[{"embeddable":true,"href":"https:\/\/www.veneciacr.com\/index.php\/wp-json\/wp\/v2\/media\/77329"}],"wp:attachment":[{"href":"https:\/\/www.veneciacr.com\/index.php\/wp-json\/wp\/v2\/media?parent=5418"}],"wp:term":[{"taxonomy":"product_brand","embeddable":true,"href":"https:\/\/www.veneciacr.com\/index.php\/wp-json\/wp\/v2\/product_brand?post=5418"},{"taxonomy":"product_cat","embeddable":true,"href":"https:\/\/www.veneciacr.com\/index.php\/wp-json\/wp\/v2\/product_cat?post=5418"},{"taxonomy":"product_tag","embeddable":true,"href":"https:\/\/www.veneciacr.com\/index.php\/wp-json\/wp\/v2\/product_tag?post=5418"}],"curies":[{"name":"wp","href":"https:\/\/api.w.org\/{rel}","templated":true}]}}